{"id":76070,"date":"2026-05-13T21:13:24","date_gmt":"2026-05-13T19:13:24","guid":{"rendered":"https:\/\/premino.pl\/?product=this-is-really-her-woda-perfumowana-spray-50ml"},"modified":"2026-05-13T21:13:24","modified_gmt":"2026-05-13T19:13:24","slug":"this-is-really-her-woda-perfumowana-spray-50ml","status":"publish","type":"product","link":"https:\/\/premino.pl\/?product=this-is-really-her-woda-perfumowana-spray-50ml","title":{"rendered":"This Is Really Her! woda perfumowana spray 50ml"},"content":{"rendered":"<p>This Is Really Her! to zmys\u0142owy zapach, kt\u00f3ry opowiada histori\u0119 bratnich dusz w Pary\u017cu, gotowych na rozpocz\u0119cie nowej, pe\u0142nej emocji i pasji podr\u00f3\u017cy.<\/p>\n<p><\/p>\n<p><b>Nuty zapachowe:<br \/><\/b><br \/><b>Nuta g\u0142owy: <\/b>r\u00f3\u017cowy pieprz, bazylia<br \/><b>Nuta serca: <\/b>r\u00f3\u017ca, kasztan<br \/><b>Nuta bazy: <\/b>mi\u00f3d, paczula, wanilia<\/p>\n<p><strong>Gramatura:<\/strong> ml<br \/>\n<strong>Linia k\u0105pielowa:<\/strong> nie<br \/>\n<strong>Miniatura:<\/strong> nie<br \/>\n<strong>Nuta bazy:<\/strong> mi\u00f3d, paczula, wanilia<br \/>\n<strong>Nuta g\u0142owy:<\/strong> bazylia, r\u00f3\u017cowy pieprz<br \/>\n<strong>Nuta g\u0142\u00f3wna:<\/strong> kwiatowe, orientalne<br \/>\n<strong>Nuta serca:<\/strong> kasztan, r\u00f3\u017ca<br \/>\n<strong>Pojemno\u015b\u0107:<\/strong> 50<br \/>\n<strong>Produkt rzadki:<\/strong> nie<br \/>\n<strong>Pr\u00f3bka:<\/strong> nie<br \/>\n<strong>P\u0142e\u0107:<\/strong> damski<br \/>\n<strong>Rodzaj:<\/strong> woda perfumowana<br \/>\n<strong>Tester:<\/strong> nie<br \/>\n<strong>Zapach alternatywny:<\/strong> nie<br \/>\n<strong>Zestaw:<\/strong> nie<\/p>\n<p><strong>Uwagi:<\/strong><\/p>\n<p>Produkt \u0142atwopalny. Przechowywa\u0107 z dala od ognia i \u017ar\u00f3de\u0142 ciep\u0142a. Trzyma\u0107 w miejscu niedost\u0119pnym dla dzieci. Nie stosowa\u0107 na podra\u017cnion\u0105 lub uszkodzon\u0105 sk\u00f3r\u0119. Unika\u0107 kontaktu z oczami.<\/p>\n<p><strong>Sk\u0142adniki:<\/strong><\/p>\n<p>ALCOHOL, PARFUM (FRAGRANCE), AQUA (WATER), BUTYL METHOXYDIBENZOYLMETHANE, DIETHYLAMINO HYDROXYBENZOYL HEXYL BENZOATE, CITRONELLOL, GERANIOL, COUMARIN, BENZYL BENZOATE, LIMONENE, TRIS(TETRAMETHYLHYDROXYPIPERIDINOL) CITRATE, ISOEUGENOL, LINALOOL, CITRAL, CI 14700 (RED 4), CI 60730 (EXT. VIOLET 2), CI 19140 (YELLOW 5)<\/p>\n","protected":false},"excerpt":{"rendered":"<p> <strong>Gramatura:<\/strong> ml<br \/>  <strong>Linia k\u0105pielowa:<\/strong> nie<br \/>  <strong>Miniatura:<\/strong> nie<br \/>  <strong>Nuta bazy:<\/strong> mi\u00f3d, paczula, wanilia<br \/>  <strong>Nuta g\u0142owy:<\/strong> bazylia, r\u00f3\u017cowy pieprz<br \/>  <strong>Nuta g\u0142\u00f3wna:<\/strong> kwiatowe, orientalne<br \/>  <strong>Nuta serca:<\/strong> kasztan, r\u00f3\u017ca<br \/>  <strong>Pojemno\u015b\u0107:<\/strong> 50<br \/>  <strong>Produkt rzadki:<\/strong> nie<br \/>  <strong>Pr\u00f3bka:<\/strong> nie<br \/>  <strong>P\u0142e\u0107:<\/strong> damski<br \/>  <strong>Rodzaj:<\/strong> woda perfumowana<br \/>  <strong>Tester:<\/strong> nie<br \/>  <strong>Zapach alternatywny:<\/strong> nie<br \/>  <strong>Zestaw:<\/strong> nie <\/p>\n","protected":false},"featured_media":76071,"comment_status":"open","ping_status":"closed","template":"","meta":{"_acf_changed":false},"kategoria-hurtowni":[87,88],"product_brand":[637],"product_cat":[76],"product_tag":[],"class_list":{"0":"post-76070","1":"product","2":"type-product","3":"status-publish","4":"has-post-thumbnail","6":"kategoria-hurtowni-perfumy","7":"kategoria-hurtowni-zapachy","8":"product_brand-zadigvoltaire","9":"product_cat-primavera","11":"first","12":"outofstock","13":"taxable","14":"shipping-taxable","15":"product-type-simple"},"acf":[],"_links":{"self":[{"href":"https:\/\/premino.pl\/index.php?rest_route=\/wp\/v2\/product\/76070","targetHints":{"allow":["GET"]}}],"collection":[{"href":"https:\/\/premino.pl\/index.php?rest_route=\/wp\/v2\/product"}],"about":[{"href":"https:\/\/premino.pl\/index.php?rest_route=\/wp\/v2\/types\/product"}],"replies":[{"embeddable":true,"href":"https:\/\/premino.pl\/index.php?rest_route=%2Fwp%2Fv2%2Fcomments&post=76070"}],"wp:featuredmedia":[{"embeddable":true,"href":"https:\/\/premino.pl\/index.php?rest_route=\/wp\/v2\/media\/76071"}],"wp:attachment":[{"href":"https:\/\/premino.pl\/index.php?rest_route=%2Fwp%2Fv2%2Fmedia&parent=76070"}],"wp:term":[{"taxonomy":"kategoria-hurtowni","embeddable":true,"href":"https:\/\/premino.pl\/index.php?rest_route=%2Fwp%2Fv2%2Fkategoria-hurtowni&post=76070"},{"taxonomy":"product_brand","embeddable":true,"href":"https:\/\/premino.pl\/index.php?rest_route=%2Fwp%2Fv2%2Fproduct_brand&post=76070"},{"taxonomy":"product_cat","embeddable":true,"href":"https:\/\/premino.pl\/index.php?rest_route=%2Fwp%2Fv2%2Fproduct_cat&post=76070"},{"taxonomy":"product_tag","embeddable":true,"href":"https:\/\/premino.pl\/index.php?rest_route=%2Fwp%2Fv2%2Fproduct_tag&post=76070"}],"curies":[{"name":"wp","href":"https:\/\/api.w.org\/{rel}","templated":true}]}}