{"id":76594,"date":"2026-05-13T21:19:37","date_gmt":"2026-05-13T19:19:37","guid":{"rendered":"https:\/\/premino.pl\/?product=satin-anti-age-przeciwzmarszczkowy-podklad-wypelniajacy-do-twarzy-03-30ml"},"modified":"2026-05-13T21:19:37","modified_gmt":"2026-05-13T19:19:37","slug":"satin-anti-age-przeciwzmarszczkowy-podklad-wypelniajacy-do-twarzy-03-30ml","status":"publish","type":"product","link":"https:\/\/premino.pl\/?product=satin-anti-age-przeciwzmarszczkowy-podklad-wypelniajacy-do-twarzy-03-30ml","title":{"rendered":"Satin Anti-Age przeciwzmarszczkowy podk\u0142ad wype\u0142niaj\u0105cy do twarzy 03 30ml"},"content":{"rendered":"<p>Wype\u0142niaj\u0105cy\u00a0podk\u0142ad z kolagenem i peptydami\u00a0podkre\u015bla pi\u0119kno sk\u00f3ry, dzi\u0119ki czemu wygl\u0105da m\u0142odziej i jest pe\u0142na energii. Natychmiast po zastosowaniu podk\u0142adu zmarszczki s\u0105 widocznie wyg\u0142adzone, cera jednolita, roz\u015bwietlona i \u015bwie\u017ca. Obecno\u015b\u0107 kolagenu i peptyd\u00f3w zapewnia dzia\u0142anie piel\u0119gnacyjne.<\/p>\n<p>\u2022 Wydobywa pi\u0119kno sk\u00f3ry.<br \/>\u2022 Po zastosowaniu sk\u00f3ra wygl\u0105da na m\u0142odsz\u0105 i promienieje energi\u0105.<br \/>\u2022 Optycznie wyg\u0142adza zmarszczki, wyr\u00f3wnuje koloryt, dodaje blasku i \u015bwie\u017co\u015bci.<br \/>\u2022 Dzi\u0119ki kolagenowi i peptydom wspiera piel\u0119gnacj\u0119 sk\u00f3ry.<\/p>\n<p><b>Spos\u00f3b u\u017cycia: <\/b>Wstrz\u0105\u015bnij przed u\u017cyciem. Rozprowad\u017a podk\u0142ad r\u00f3wnomiernie na sk\u00f3rze twarzy, szyi i dekoltu.<\/p>\n<p><strong>Br\u0105zuj\u0105cy:<\/strong> nie<br \/>\n<strong>Dzia\u0142anie:<\/strong> wyg\u0142adzaj\u0105ce<br \/>\n<strong>Forma podania:<\/strong> tuba<br \/>\n<strong>Gramatura:<\/strong> ml<br \/>\n<strong>Kolor:<\/strong> 03<br \/>\n<strong>Pojemno\u015b\u0107:<\/strong> 30<br \/>\n<strong>P\u0142e\u0107:<\/strong> damski<br \/>\n<strong>Rodzaj sk\u00f3ry:<\/strong> bardzo sucha, mieszana\/t\u0142usta, normalna<br \/>\n<strong>Roz\u015bwietlaj\u0105cy:<\/strong> nie<br \/>\n<strong>Stopie\u0144 krycia:<\/strong> lekkie, \u015brednie<br \/>\n<strong>S\u0142o\u0144ce:<\/strong> nie<br \/>\n<strong>Trwa\u0142o\u015b\u0107:<\/strong> normalna<br \/>\n<strong>Wk\u0142ad:<\/strong> nie<\/p>\n<p><strong>Uwagi:<\/strong><\/p>\n<p>Zawiera substancje zapachowe mog\u0105ce powodowa\u0107 alergie.<\/p>\n<p><strong>Sk\u0142adniki:<\/strong><\/p>\n<p>Aqua, Dimethicone, Isohexadecane, Glycerin, Cetyl PEG\/PPG-10\/1 Dimethicone, Pentylene Glycol, Polyglyceryl-4 Isostearate, Silica, Dicaprylyl Carbonate, Hydrolyzed Collagen, Palmitoyl Hexapeptide-12, Ceramide NG, C12-15 Alkyl Benzoate, Tocopherol, Lactic Acid, Magnesium Sulfate (heptahydrate), Cera Microcristallina, Sodium Chloride, Triethoxycaprylylsilane, Alumi- num Hydroxide, Tribehenin, Pentaerythrityl Tetra-Di-T-Butyl Hydroxy- hydrocinnamate, Phenoxyethanol, Ethylhexylglycerin, Benzoic Acid, Sorbic Acid, Tetramethyl Acetyloctahy- dronaphthalenes, Dimethyl Phenethyl Acetate, Parfum, +\/- [CI 77891, CI 77492, CI 77491, CI 77499].<\/p>\n","protected":false},"excerpt":{"rendered":"<p> <strong>Br\u0105zuj\u0105cy:<\/strong> nie<br \/>  <strong>Dzia\u0142anie:<\/strong> wyg\u0142adzaj\u0105ce<br \/>  <strong>Forma podania:<\/strong> tuba<br \/>  <strong>Gramatura:<\/strong> ml<br \/>  <strong>Kolor:<\/strong> 03<br \/>  <strong>Pojemno\u015b\u0107:<\/strong> 30<br \/>  <strong>P\u0142e\u0107:<\/strong> damski<br \/>  <strong>Rodzaj sk\u00f3ry:<\/strong> bardzo sucha, mieszana\/t\u0142usta, normalna<br \/>  <strong>Roz\u015bwietlaj\u0105cy:<\/strong> nie<br \/>  <strong>Stopie\u0144 krycia:<\/strong> lekkie, \u015brednie<br \/>  <strong>S\u0142o\u0144ce:<\/strong> nie<br \/>  <strong>Trwa\u0142o\u015b\u0107:<\/strong> normalna<br \/>  <strong>Wk\u0142ad:<\/strong> nie <\/p>\n","protected":false},"featured_media":76595,"comment_status":"open","ping_status":"closed","template":"","meta":{"_acf_changed":false},"kategoria-hurtowni":[83,129,190],"product_brand":[288],"product_cat":[76],"product_tag":[],"class_list":{"0":"post-76594","1":"product","2":"type-product","3":"status-publish","4":"has-post-thumbnail","6":"kategoria-hurtowni-makijaz","7":"kategoria-hurtowni-makijaz-twarz","8":"kategoria-hurtowni-podklad","9":"product_brand-celia","10":"product_cat-primavera","12":"first","13":"outofstock","14":"taxable","15":"shipping-taxable","16":"product-type-simple"},"acf":[],"_links":{"self":[{"href":"https:\/\/premino.pl\/index.php?rest_route=\/wp\/v2\/product\/76594","targetHints":{"allow":["GET"]}}],"collection":[{"href":"https:\/\/premino.pl\/index.php?rest_route=\/wp\/v2\/product"}],"about":[{"href":"https:\/\/premino.pl\/index.php?rest_route=\/wp\/v2\/types\/product"}],"replies":[{"embeddable":true,"href":"https:\/\/premino.pl\/index.php?rest_route=%2Fwp%2Fv2%2Fcomments&post=76594"}],"wp:featuredmedia":[{"embeddable":true,"href":"https:\/\/premino.pl\/index.php?rest_route=\/wp\/v2\/media\/76595"}],"wp:attachment":[{"href":"https:\/\/premino.pl\/index.php?rest_route=%2Fwp%2Fv2%2Fmedia&parent=76594"}],"wp:term":[{"taxonomy":"kategoria-hurtowni","embeddable":true,"href":"https:\/\/premino.pl\/index.php?rest_route=%2Fwp%2Fv2%2Fkategoria-hurtowni&post=76594"},{"taxonomy":"product_brand","embeddable":true,"href":"https:\/\/premino.pl\/index.php?rest_route=%2Fwp%2Fv2%2Fproduct_brand&post=76594"},{"taxonomy":"product_cat","embeddable":true,"href":"https:\/\/premino.pl\/index.php?rest_route=%2Fwp%2Fv2%2Fproduct_cat&post=76594"},{"taxonomy":"product_tag","embeddable":true,"href":"https:\/\/premino.pl\/index.php?rest_route=%2Fwp%2Fv2%2Fproduct_tag&post=76594"}],"curies":[{"name":"wp","href":"https:\/\/api.w.org\/{rel}","templated":true}]}}