{"id":76852,"date":"2026-05-13T21:22:51","date_gmt":"2026-05-13T19:22:51","guid":{"rendered":"https:\/\/premino.pl\/?product=rose-omeyyade-woda-perfumowana-spray-100ml"},"modified":"2026-05-13T21:22:51","modified_gmt":"2026-05-13T19:22:51","slug":"rose-omeyyade-woda-perfumowana-spray-100ml","status":"publish","type":"product","link":"https:\/\/premino.pl\/?product=rose-omeyyade-woda-perfumowana-spray-100ml","title":{"rendered":"Rose Omeyyade woda perfumowana spray 100ml"},"content":{"rendered":"<p>Rose Omeyyade to zachwycaj\u0105cy zapach zainspirowany bogactwem historii Umajjad\u00f3w oraz zmys\u0142owo\u015bci\u0105 uwiecznion\u0105 na ich obrazach. Intensywna, aksamitna kompozycja, kt\u00f3ra otula subtelnym, ale pe\u0142nym charakteru aromatem.<\/p>\n<p><b>Nuty zapachowe:<br \/><\/b><br \/><b>Nuta g\u0142owy: <\/b>r\u00f3\u017ca, malina, r\u00f3\u017cowy pieprz<br \/><b>Nuta serca: <\/b>br\u0105zowy cukier, paczula, drzewo gwajakowe<br \/><b>Nuta bazy: <\/b>\ufeffagar (oud), bursztyn, drzewo sanda\u0142owe<\/p>\n<p><strong>Gramatura:<\/strong> ml<br \/>\n<strong>Linia k\u0105pielowa:<\/strong> nie<br \/>\n<strong>Miniatura:<\/strong> nie<br \/>\n<strong>Nuta bazy:<\/strong> bursztyn, drzewo sanda\u0142owe, \ufeffagar (oud)<br \/>\n<strong>Nuta g\u0142owy:<\/strong> malina, r\u00f3\u017ca, r\u00f3\u017cowy pieprz<br \/>\n<strong>Nuta g\u0142\u00f3wna:<\/strong> kwiatowe, orientalne<br \/>\n<strong>Nuta serca:<\/strong> br\u0105zowy cukier, drzewo gwajakowe, paczula<br \/>\n<strong>Pojemno\u015b\u0107:<\/strong> 100<br \/>\n<strong>Produkt rzadki:<\/strong> tak<br \/>\n<strong>Pr\u00f3bka:<\/strong> nie<br \/>\n<strong>P\u0142e\u0107:<\/strong> unisex<br \/>\n<strong>Rodzaj:<\/strong> woda perfumowana<br \/>\n<strong>Tester:<\/strong> nie<br \/>\n<strong>Zapach alternatywny:<\/strong> nie<br \/>\n<strong>Zestaw:<\/strong> nie<\/p>\n<p><strong>Uwagi:<\/strong><\/p>\n<p>Produkt przechowywa\u0107 z dala od ognia i \u017ar\u00f3de\u0142 ciep\u0142a. Trzyma\u0107 w miejscu niedost\u0119pnym dla dzieci. Nie stosowa\u0107 na podra\u017cnion\u0105 lub uszkodzon\u0105 sk\u00f3r\u0119. Unika\u0107 kontaktu z oczami.<\/p>\n<p><strong>Sk\u0142adniki:<\/strong><\/p>\n<p>ALCOHOL DENAT. \u2022 PARFUM (FRAGRANCE) \u2022 WATER (AQUA) \u2022 CITRONELLOL \u2022 ALPHA-ISOMETHYL IONONE \u2022 ETHYLHEXYL METHOXYCINNAMATE \u2022 GERANIOL \u2022 HEXYL CINNAMAL \u2022 EUGENOL \u2022 LINALOOL \u2022 ETHYLHEXYL SALICYLATE \u2022 BUTYL METHOXYDIBENZOYLMETHANE \u2022 LIMONENE \u2022 ISOEUGENOL \u2022 FARNESOL \u2022 CINNAMYL ALCOHOL \u2022 CITRAL \u2022 METHYL 2-OCTYNOATE \u2022 BENZYL ALCOHOL \u2022 CI 19140 \/ YELLOW 5 \u2022 CI 14700 \/ RED 4 \u2022 CI 77480 \/ GOLD 24K.<\/p>\n","protected":false},"excerpt":{"rendered":"<p> <strong>Gramatura:<\/strong> ml<br \/>  <strong>Linia k\u0105pielowa:<\/strong> nie<br \/>  <strong>Miniatura:<\/strong> nie<br \/>  <strong>Nuta bazy:<\/strong> bursztyn, drzewo sanda\u0142owe, \ufeffagar (oud)<br \/>  <strong>Nuta g\u0142owy:<\/strong> malina, r\u00f3\u017ca, r\u00f3\u017cowy pieprz<br \/>  <strong>Nuta g\u0142\u00f3wna:<\/strong> kwiatowe, orientalne<br \/>  <strong>Nuta serca:<\/strong> br\u0105zowy cukier, drzewo gwajakowe, paczula<br \/>  <strong>Pojemno\u015b\u0107:<\/strong> 100<br \/>  <strong>Produkt rzadki:<\/strong> tak<br \/>  <strong>Pr\u00f3bka:<\/strong> nie<br \/>  <strong>P\u0142e\u0107:<\/strong> unisex<br \/>  <strong>Rodzaj:<\/strong> woda perfumowana<br \/>  <strong>Tester:<\/strong> nie<br \/>  <strong>Zapach alternatywny:<\/strong> nie<br \/>  <strong>Zestaw:<\/strong> nie <\/p>\n","protected":false},"featured_media":76853,"comment_status":"open","ping_status":"closed","template":"","meta":{"_acf_changed":false},"kategoria-hurtowni":[87,88],"product_brand":[925],"product_cat":[76],"product_tag":[],"class_list":{"0":"post-76852","1":"product","2":"type-product","3":"status-publish","4":"has-post-thumbnail","6":"kategoria-hurtowni-perfumy","7":"kategoria-hurtowni-zapachy","8":"product_brand-atelier-des-ors","9":"product_cat-primavera","11":"first","12":"outofstock","13":"taxable","14":"shipping-taxable","15":"product-type-simple"},"acf":[],"_links":{"self":[{"href":"https:\/\/premino.pl\/index.php?rest_route=\/wp\/v2\/product\/76852","targetHints":{"allow":["GET"]}}],"collection":[{"href":"https:\/\/premino.pl\/index.php?rest_route=\/wp\/v2\/product"}],"about":[{"href":"https:\/\/premino.pl\/index.php?rest_route=\/wp\/v2\/types\/product"}],"replies":[{"embeddable":true,"href":"https:\/\/premino.pl\/index.php?rest_route=%2Fwp%2Fv2%2Fcomments&post=76852"}],"wp:featuredmedia":[{"embeddable":true,"href":"https:\/\/premino.pl\/index.php?rest_route=\/wp\/v2\/media\/76853"}],"wp:attachment":[{"href":"https:\/\/premino.pl\/index.php?rest_route=%2Fwp%2Fv2%2Fmedia&parent=76852"}],"wp:term":[{"taxonomy":"kategoria-hurtowni","embeddable":true,"href":"https:\/\/premino.pl\/index.php?rest_route=%2Fwp%2Fv2%2Fkategoria-hurtowni&post=76852"},{"taxonomy":"product_brand","embeddable":true,"href":"https:\/\/premino.pl\/index.php?rest_route=%2Fwp%2Fv2%2Fproduct_brand&post=76852"},{"taxonomy":"product_cat","embeddable":true,"href":"https:\/\/premino.pl\/index.php?rest_route=%2Fwp%2Fv2%2Fproduct_cat&post=76852"},{"taxonomy":"product_tag","embeddable":true,"href":"https:\/\/premino.pl\/index.php?rest_route=%2Fwp%2Fv2%2Fproduct_tag&post=76852"}],"curies":[{"name":"wp","href":"https:\/\/api.w.org\/{rel}","templated":true}]}}