{"id":77036,"date":"2026-05-13T21:25:04","date_gmt":"2026-05-13T19:25:04","guid":{"rendered":"https:\/\/premino.pl\/?product=miracle-pure-lakier-do-paznokci-095-opal-coat-12ml"},"modified":"2026-05-13T21:25:04","modified_gmt":"2026-05-13T19:25:04","slug":"miracle-pure-lakier-do-paznokci-095-opal-coat-12ml","status":"publish","type":"product","link":"https:\/\/premino.pl\/?product=miracle-pure-lakier-do-paznokci-095-opal-coat-12ml","title":{"rendered":"Miracle Pure lakier do paznokci 095 Opal Coat 12ml"},"content":{"rendered":"<p>Odkryj  wyj\u0105tkow\u0105 moc kryszta\u0142\u00f3w leczniczych dzi\u0119ki linii produkt\u00f3w do paznokci  marki Max Factor. Ten ultral\u015bni\u0105cy, naturalny lakier do paznokci ma  oddychaj\u0105c\u0105, ro\u015blinn\u0105, wega\u0144sk\u0105 formu\u0142\u0119 i zapewnia zachwycaj\u0105cy efekt  kolorystyczny.<\/p>\n<p>Lakier \u0142atwo si\u0119 nak\u0142ada i zmywa, jest szybkoschn\u0105cy i  d\u0142ugotrwa\u0142y, ma g\u0142adk\u0105 konsystencj\u0119 i nie tworzy smug, a po jego usuni\u0119ciu  paznokcie zachowuj\u0105 po\u0142ysk i zdrowy wygl\u0105d. <\/p>\n<p>Ten wega\u0144ski lakier do paznokci  \u2013 wzbogacony o glink\u0119 mineraln\u0105 i stworzony w 70% ze sk\u0142adnik\u00f3w pochodzenia  naturalnego \u2013 zapewnia l\u015bni\u0105ce wyko\u0144czenie oraz wyrazisty efekt  kolorystyczny.<\/p>\n<p>    \u2022 Lakier do paznokci, inspirowany wyj\u0105tkow\u0105 moc\u0105 kryszta\u0142\u00f3w leczniczych,  zapewnia zachwycaj\u0105cy, wyrazisty efekt kolorystyczny i niesamowity po\u0142ysk.<br \/>    \u2022 Ro\u015blinna, wega\u0144ska formu\u0142a zawiera sk\u0142adniki wspieraj\u0105ce zdrowie paznokci,  w tym glink\u0119 mineraln\u0105.<br \/>    \u2022 Produkt ma g\u0142adk\u0105 konsystencj\u0119, jest \u0142atwy w aplikacji i nie tworzy  smug.<br \/>    \u2022 Lakier b\u0142yskawicznie si\u0119 zmywa, a po jego usuni\u0119ciu paznokcie zachowuj\u0105  zdrowy wygl\u0105d.<br \/>    \u2022 Podkr\u0119\u0107 sw\u00f3j manicure i wzmocnij paznokcie, wynosz\u0105c ich piel\u0119gnacj\u0119 na  zupe\u0142nie nowy poziom, dzi\u0119ki produktom z linii Miracle Pure, obejmuj\u0105cej  od\u017cywk\u0119, lakiery i top coat.<\/p>\n<p><b>Jak u\u017cywa\u0107:<br \/><\/b>Krok 1:  U\u017cywaj\u0105c wbudowanego p\u0119dzelka, na\u0142\u00f3\u017c cienk\u0105 warstw\u0119 produktu na paznokcie, a  nast\u0119pnie pozostaw do wyschni\u0119cia. <br \/>Krok 2: Na\u0142\u00f3\u017c kolejne warstwy, aby uzyska\u0107  po\u017c\u0105dany efekt. Zmywaj standardowym zmywaczem do paznokci.<\/p>\n<p><strong>Gramatura:<\/strong> ml<br \/>\n<strong>Kolor:<\/strong> 095 Opal Coat<br \/>\n<strong>Pojemno\u015b\u0107:<\/strong> 12<br \/>\n<strong>P\u0142e\u0107:<\/strong> damski<br \/>\n<strong>S\u0142o\u0144ce:<\/strong> nie<\/p>\n<p><strong>Uwagi:<\/strong><\/p>\n<p><strong>Sk\u0142adniki:<\/strong><\/p>\n<p>BUTYL ACETATE, ETHYL ACETATE, NITROCELLULOSE, ADIPIC ACID\/NEOPENTYL GLYCOL\/TRIMELLITIC ANHYDRIDE COPOLYMER, ACETYL TRIBUTYL CITRATE, ALCOHOL, ISOPROPYL ALCOHOL, STEARALKONIUM BENTONITE, SILICA, CALCIUM SODIUM BOROSILICATE, CALCIUM ALUMINUM BOROSILICATE, DIACETONE ALCOHOL, SORBIC ACID, HEXANAL, TIN OXIDE, LITHOTHAMNION CALCAREUM EXTRACT, PHOSPHORIC ACID, MANNITOL, SOLUM DIATOMEAE\/DIATOMACEOUS EARTH\/TERRE DE DIATOMEES, KAOLIN, ZINC SULFATE, N-BUTYL ALCOHOL, TOCOPHEROL, [MAY CONTAIN\/PEUT CONTENIR\/+\/-: TITANIUM DIOXIDE (CI 77891), YELLOW 5 LAKE (CI 19140), RED 6 LAKE (CI 15850), IRON OXIDES (CI 77491, CI 77492, CI 77499), ULTRAMARINES (CI 77007), ALUMINUM POWDER (CI 77000), FERRIC AMMONIUM FERROCYANIDE (CI 77510)].<\/p>\n","protected":false},"excerpt":{"rendered":"<p> <strong>Gramatura:<\/strong> ml<br \/>  <strong>Kolor:<\/strong> 095 Opal Coat<br \/>  <strong>Pojemno\u015b\u0107:<\/strong> 12<br \/>  <strong>P\u0142e\u0107:<\/strong> damski<br \/>  <strong>S\u0142o\u0144ce:<\/strong> nie <\/p>\n","protected":false},"featured_media":77037,"comment_status":"open","ping_status":"closed","template":"","meta":{"_acf_changed":false},"kategoria-hurtowni":[278,83,174],"product_brand":[445],"product_cat":[76],"product_tag":[],"class_list":{"0":"post-77036","1":"product","2":"type-product","3":"status-publish","4":"has-post-thumbnail","6":"kategoria-hurtowni-lakiery","7":"kategoria-hurtowni-makijaz","8":"kategoria-hurtowni-makijaz-paznokcie","9":"product_brand-max-factor","10":"product_cat-primavera","12":"first","13":"outofstock","14":"taxable","15":"shipping-taxable","16":"product-type-simple"},"acf":[],"_links":{"self":[{"href":"https:\/\/premino.pl\/index.php?rest_route=\/wp\/v2\/product\/77036","targetHints":{"allow":["GET"]}}],"collection":[{"href":"https:\/\/premino.pl\/index.php?rest_route=\/wp\/v2\/product"}],"about":[{"href":"https:\/\/premino.pl\/index.php?rest_route=\/wp\/v2\/types\/product"}],"replies":[{"embeddable":true,"href":"https:\/\/premino.pl\/index.php?rest_route=%2Fwp%2Fv2%2Fcomments&post=77036"}],"wp:featuredmedia":[{"embeddable":true,"href":"https:\/\/premino.pl\/index.php?rest_route=\/wp\/v2\/media\/77037"}],"wp:attachment":[{"href":"https:\/\/premino.pl\/index.php?rest_route=%2Fwp%2Fv2%2Fmedia&parent=77036"}],"wp:term":[{"taxonomy":"kategoria-hurtowni","embeddable":true,"href":"https:\/\/premino.pl\/index.php?rest_route=%2Fwp%2Fv2%2Fkategoria-hurtowni&post=77036"},{"taxonomy":"product_brand","embeddable":true,"href":"https:\/\/premino.pl\/index.php?rest_route=%2Fwp%2Fv2%2Fproduct_brand&post=77036"},{"taxonomy":"product_cat","embeddable":true,"href":"https:\/\/premino.pl\/index.php?rest_route=%2Fwp%2Fv2%2Fproduct_cat&post=77036"},{"taxonomy":"product_tag","embeddable":true,"href":"https:\/\/premino.pl\/index.php?rest_route=%2Fwp%2Fv2%2Fproduct_tag&post=77036"}],"curies":[{"name":"wp","href":"https:\/\/api.w.org\/{rel}","templated":true}]}}