{"id":77058,"date":"2026-05-13T21:25:21","date_gmt":"2026-05-13T19:25:21","guid":{"rendered":"https:\/\/premino.pl\/?product=miracle-pure-bronzer-w-kremie-001-light-to-medium-15ml"},"modified":"2026-05-13T21:25:21","modified_gmt":"2026-05-13T19:25:21","slug":"miracle-pure-bronzer-w-kremie-001-light-to-medium-15ml","status":"publish","type":"product","link":"https:\/\/premino.pl\/?product=miracle-pure-bronzer-w-kremie-001-light-to-medium-15ml","title":{"rendered":"Miracle Pure bronzer w kremie 001 Light To Medium 15ml"},"content":{"rendered":"<p>Ciesz  si\u0119 d\u0142u\u017cej wakacyjnym blaskiem dzi\u0119ki bronzerowi w kremie Max Factor Miracle  Pure Golden Glow. Ten kremowy wega\u0144ski bronzer \u2013 zawieraj\u0105cy sk\u0142adniki  piel\u0119gnuj\u0105ce w postaci skwalanu i kwasu hialuronowego \u2013 zapewnia efekt  z\u0142ocistej, mu\u015bni\u0119tej s\u0142o\u0144cem sk\u00f3ry, kt\u00f3ry mo\u017cna dowolnie modulowa\u0107 i kt\u00f3rym  mo\u017cesz cieszy\u0107 si\u0119 przez ca\u0142y rok.<\/p>\n<p>Kosmetyk \u2013 pe\u0142ni\u0105cy funkcj\u0119 bronzera,  roz\u015bwietlacza i produktu do konturowania. Konturuj twarz, u\u017cywaj\u0105c  bronzera Miracle Pure Golden Glow w duecie z r\u00f3\u017cem w kremie Miracle Pure,  dzi\u0119ki czemu zadbasz o swoj\u0105 cer\u0119 i podkre\u015blisz rysy twarzy.<\/p>\n<p>Z \u0142atwo\u015bci\u0105  stw\u00f3rz lekki, naturalny makija\u017c, korzystaj\u0105c z inspirowanej piel\u0119gnacj\u0105 gamy  produkt\u00f3w Miracle Pure marki Max Factor.<\/p>\n<p>    \u2022 Ten kremowy bronzer zapewnia efekt z\u0142ocistej, roz\u015bwietlonej, mu\u015bni\u0119tej  s\u0142o\u0144cem sk\u00f3ry, kt\u00f3ry mo\u017cna dowolnie modulowa\u0107 i kt\u00f3rym mo\u017cesz cieszy\u0107 si\u0119  przez ca\u0142y rok.<br \/>    \u2022 Pe\u0142ni funkcj\u0119 bronzera, roz\u015bwietlacza i produktu do konturowania.<br \/>    \u2022 Produkt zapewnia po\u0142yskuj\u0105ce wyko\u0144czenie.<br \/>    \u2022 Odkryj lini\u0119 produkt\u00f3w Miracle Pure i z \u0142atwo\u015bci\u0105 stw\u00f3rz naturalny  makija\u017c.<br \/>    \u2022 Bronzer Golden Glow, r\u00f3\u017c w kremie, podk\u0142ad z serum Skin Reset 2 w 1 oraz  korektor pod oczy.<br \/>    \u2022 Wega\u0144ska formu\u0142a zawiera sk\u0142adniki piel\u0119gnuj\u0105ce w postaci skwalanu i kwasu  hialuronowego.<\/p>\n<p><b>Jak u\u017cywa\u0107:\u00a0<\/b>Na\u0142\u00f3\u017c  1\u20132 niewielkie krople kremowego bronzera na wybrane obszary, aby podkre\u015bli\u0107  rysy twarzy, roz\u015bwietli\u0107 cer\u0119 oraz uzyska\u0107 efekt mu\u015bni\u0119tej s\u0142o\u0144cem sk\u00f3ry,  kt\u00f3rym mo\u017cesz cieszy\u0107 si\u0119 przez ca\u0142y rok.<\/p>\n<p><strong>Br\u0105zuj\u0105cy:<\/strong> tak<br \/>\n<strong>Forma podania:<\/strong> krem<br \/>\n<strong>Gramatura:<\/strong> ml<br \/>\n<strong>Kolor:<\/strong> 001 Light To Medium<br \/>\n<strong>Pojemno\u015b\u0107:<\/strong> 15<br \/>\n<strong>P\u0142e\u0107:<\/strong> damski<br \/>\n<strong>S\u0142o\u0144ce:<\/strong> nie<\/p>\n<p><strong>Uwagi:<\/strong><\/p>\n<p><strong>Sk\u0142adniki:<\/strong><\/p>\n<p>AQUA\/WATER\/EAU, MICA, SQUALANE, CAPRYLIC\/CAPRIC TRIGLYCERIDE, C10-18 TRIGLYCERIDES, BUTYLENE GLYCOL, GLYCERYL STEARATE, PEG-100 STEARATE, GLYCERIN, MYRISTYL ALCOHOL, POTASSIUM CETYL PHOSPHATE, PHENOXYETHANOL, BIS-PEG-18 METHYL ETHER DIMETHYL SILANE, CARBOMER, POTASSIUM SORBATE, SODIUM DEHYDROACETATE, TOCOPHERYL ACETATE, SODIUM ACRYLATE\/SODIUM ACRYLOYLDIMETHYL TAURATE COPOLYMER, SODIUM HYALURONATE, ISOHEXADECANE, SODIUM HYDROXIDE, POLYSORBATE 80, XANTHAN GUM, SORBITAN OLEATE, BHT, [MAY CONTAIN\/PEUT CONTENIR\/+\/-: IRON OXIDES (CI 77491, CI 77492, CI 77499), BISMUTH OXYCHLORIDE (CI 77163), TITANIUM DIOXIDE (CI 77891), RED 30 LAKE (CI 73360)].<\/p>\n","protected":false},"excerpt":{"rendered":"<p> <strong>Br\u0105zuj\u0105cy:<\/strong> tak<br \/>  <strong>Forma podania:<\/strong> krem<br \/>  <strong>Gramatura:<\/strong> ml<br \/>  <strong>Kolor:<\/strong> 001 Light To Medium<br \/>  <strong>Pojemno\u015b\u0107:<\/strong> 15<br \/>  <strong>P\u0142e\u0107:<\/strong> damski<br \/>  <strong>S\u0142o\u0144ce:<\/strong> nie <\/p>\n","protected":false},"featured_media":77059,"comment_status":"open","ping_status":"closed","template":"","meta":{"_acf_changed":false},"kategoria-hurtowni":[186,83,129],"product_brand":[445],"product_cat":[76],"product_tag":[],"class_list":{"0":"post-77058","1":"product","2":"type-product","3":"status-publish","4":"has-post-thumbnail","6":"kategoria-hurtowni-bronzery","7":"kategoria-hurtowni-makijaz","8":"kategoria-hurtowni-makijaz-twarz","9":"product_brand-max-factor","10":"product_cat-primavera","12":"first","13":"outofstock","14":"taxable","15":"shipping-taxable","16":"product-type-simple"},"acf":[],"_links":{"self":[{"href":"https:\/\/premino.pl\/index.php?rest_route=\/wp\/v2\/product\/77058","targetHints":{"allow":["GET"]}}],"collection":[{"href":"https:\/\/premino.pl\/index.php?rest_route=\/wp\/v2\/product"}],"about":[{"href":"https:\/\/premino.pl\/index.php?rest_route=\/wp\/v2\/types\/product"}],"replies":[{"embeddable":true,"href":"https:\/\/premino.pl\/index.php?rest_route=%2Fwp%2Fv2%2Fcomments&post=77058"}],"wp:featuredmedia":[{"embeddable":true,"href":"https:\/\/premino.pl\/index.php?rest_route=\/wp\/v2\/media\/77059"}],"wp:attachment":[{"href":"https:\/\/premino.pl\/index.php?rest_route=%2Fwp%2Fv2%2Fmedia&parent=77058"}],"wp:term":[{"taxonomy":"kategoria-hurtowni","embeddable":true,"href":"https:\/\/premino.pl\/index.php?rest_route=%2Fwp%2Fv2%2Fkategoria-hurtowni&post=77058"},{"taxonomy":"product_brand","embeddable":true,"href":"https:\/\/premino.pl\/index.php?rest_route=%2Fwp%2Fv2%2Fproduct_brand&post=77058"},{"taxonomy":"product_cat","embeddable":true,"href":"https:\/\/premino.pl\/index.php?rest_route=%2Fwp%2Fv2%2Fproduct_cat&post=77058"},{"taxonomy":"product_tag","embeddable":true,"href":"https:\/\/premino.pl\/index.php?rest_route=%2Fwp%2Fv2%2Fproduct_tag&post=77058"}],"curies":[{"name":"wp","href":"https:\/\/api.w.org\/{rel}","templated":true}]}}