{"id":77956,"date":"2026-05-13T21:36:10","date_gmt":"2026-05-13T19:36:10","guid":{"rendered":"https:\/\/premino.pl\/?product=clasico-de-profondo-woda-perfumowana-spray-100ml"},"modified":"2026-05-13T21:36:10","modified_gmt":"2026-05-13T19:36:10","slug":"clasico-de-profondo-woda-perfumowana-spray-100ml","status":"publish","type":"product","link":"https:\/\/premino.pl\/?product=clasico-de-profondo-woda-perfumowana-spray-100ml","title":{"rendered":"Clasico De Profondo woda perfumowana spray 100ml"},"content":{"rendered":"<p>Otoczenie si\u0119 zapachem\u00a0Clasico De Profondo to wiosenny spacer wzd\u0142u\u017c wybrze\u017ca, uchwycenie \u015bwie\u017co\u015bci powietrza i spokoju morza.\u00a0<\/p>\n<p><b>Nuty zapachowe:<br \/><\/b><br \/><b>Nuta g\u0142owy: <\/b>pieprz, bergamotka, rozmaryn<br \/><b>Nuta serca: <\/b>nuty morskie, fio\u0142ek<br \/><b>Nuta bazy: <\/b>pi\u017cmo, bursztyn, paczula<\/p>\n<p><strong>Gramatura:<\/strong> ml<br \/>\n<strong>Linia k\u0105pielowa:<\/strong> nie<br \/>\n<strong>Miniatura:<\/strong> nie<br \/>\n<strong>Nuta bazy:<\/strong> bursztyn, paczula, pi\u017cmo<br \/>\n<strong>Nuta g\u0142owy:<\/strong> bergamotka, pieprz, rozmaryn<br \/>\n<strong>Nuta g\u0142\u00f3wna:<\/strong> pi\u017cmowe, \u015bwie\u017ca<br \/>\n<strong>Nuta serca:<\/strong> fio\u0142ek, nuty morskie<br \/>\n<strong>Pojemno\u015b\u0107:<\/strong> 100<br \/>\n<strong>Produkt rzadki:<\/strong> nie<br \/>\n<strong>Pr\u00f3bka:<\/strong> nie<br \/>\n<strong>P\u0142e\u0107:<\/strong> m\u0119ski<br \/>\n<strong>Rodzaj:<\/strong> woda perfumowana<br \/>\n<strong>Tester:<\/strong> nie<br \/>\n<strong>Zapach alternatywny:<\/strong> nie<br \/>\n<strong>Zestaw:<\/strong> nie<\/p>\n<p><strong>Uwagi:<\/strong><\/p>\n<p>Przechowywa\u0107 z dala od ognia i \u017ar\u00f3de\u0142 ciep\u0142a. Trzyma\u0107 w miejscu niedost\u0119pnym dla dzieci. Nie stosowa\u0107 na podra\u017cnion\u0105 lub uszkodzon\u0105 sk\u00f3r\u0119. Unika\u0107 kontaktu z oczami. W przypadku kontaktu z oczami nale\u017cy dok\u0142adnie przep\u0142uka\u0107 je du\u017c\u0105 ilo\u015bci\u0105 wody.<\/p>\n<p><strong>Sk\u0142adniki:<\/strong><\/p>\n<p>ALCOHOL DENAT,PARFUM,COUMARIN,LIMONENE,HYDROXYCITRONELLAL,CITRONELLOL,LINALOOL,ALPHA-ISOMETHYL IONONE,GERANIOL,CINNAMYL ALCOHOL,CITRAL<\/p>\n","protected":false},"excerpt":{"rendered":"<p> <strong>Gramatura:<\/strong> ml<br \/>  <strong>Linia k\u0105pielowa:<\/strong> nie<br \/>  <strong>Miniatura:<\/strong> nie<br \/>  <strong>Nuta bazy:<\/strong> bursztyn, paczula, pi\u017cmo<br \/>  <strong>Nuta g\u0142owy:<\/strong> bergamotka, pieprz, rozmaryn<br \/>  <strong>Nuta g\u0142\u00f3wna:<\/strong> pi\u017cmowe, \u015bwie\u017ca<br \/>  <strong>Nuta serca:<\/strong> fio\u0142ek, nuty morskie<br \/>  <strong>Pojemno\u015b\u0107:<\/strong> 100<br \/>  <strong>Produkt rzadki:<\/strong> nie<br \/>  <strong>Pr\u00f3bka:<\/strong> nie<br \/>  <strong>P\u0142e\u0107:<\/strong> m\u0119ski<br \/>  <strong>Rodzaj:<\/strong> woda perfumowana<br \/>  <strong>Tester:<\/strong> nie<br \/>  <strong>Zapach alternatywny:<\/strong> nie<br \/>  <strong>Zestaw:<\/strong> nie <\/p>\n","protected":false},"featured_media":77957,"comment_status":"open","ping_status":"closed","template":"","meta":{"_acf_changed":false},"kategoria-hurtowni":[87,88],"product_brand":[374],"product_cat":[76],"product_tag":[],"class_list":{"0":"post-77956","1":"product","2":"type-product","3":"status-publish","4":"has-post-thumbnail","6":"kategoria-hurtowni-perfumy","7":"kategoria-hurtowni-zapachy","8":"product_brand-pendora-scents","9":"product_cat-primavera","11":"first","12":"outofstock","13":"taxable","14":"shipping-taxable","15":"product-type-simple"},"acf":[],"_links":{"self":[{"href":"https:\/\/premino.pl\/index.php?rest_route=\/wp\/v2\/product\/77956","targetHints":{"allow":["GET"]}}],"collection":[{"href":"https:\/\/premino.pl\/index.php?rest_route=\/wp\/v2\/product"}],"about":[{"href":"https:\/\/premino.pl\/index.php?rest_route=\/wp\/v2\/types\/product"}],"replies":[{"embeddable":true,"href":"https:\/\/premino.pl\/index.php?rest_route=%2Fwp%2Fv2%2Fcomments&post=77956"}],"wp:featuredmedia":[{"embeddable":true,"href":"https:\/\/premino.pl\/index.php?rest_route=\/wp\/v2\/media\/77957"}],"wp:attachment":[{"href":"https:\/\/premino.pl\/index.php?rest_route=%2Fwp%2Fv2%2Fmedia&parent=77956"}],"wp:term":[{"taxonomy":"kategoria-hurtowni","embeddable":true,"href":"https:\/\/premino.pl\/index.php?rest_route=%2Fwp%2Fv2%2Fkategoria-hurtowni&post=77956"},{"taxonomy":"product_brand","embeddable":true,"href":"https:\/\/premino.pl\/index.php?rest_route=%2Fwp%2Fv2%2Fproduct_brand&post=77956"},{"taxonomy":"product_cat","embeddable":true,"href":"https:\/\/premino.pl\/index.php?rest_route=%2Fwp%2Fv2%2Fproduct_cat&post=77956"},{"taxonomy":"product_tag","embeddable":true,"href":"https:\/\/premino.pl\/index.php?rest_route=%2Fwp%2Fv2%2Fproduct_tag&post=77956"}],"curies":[{"name":"wp","href":"https:\/\/api.w.org\/{rel}","templated":true}]}}