{"id":78462,"date":"2026-05-13T21:42:19","date_gmt":"2026-05-13T19:42:19","guid":{"rendered":"https:\/\/premino.pl\/?product=lolita-lempicka-woda-perfumowana-miniatura-5ml"},"modified":"2026-05-13T21:42:19","modified_gmt":"2026-05-13T19:42:19","slug":"lolita-lempicka-woda-perfumowana-miniatura-5ml","status":"publish","type":"product","link":"https:\/\/premino.pl\/?product=lolita-lempicka-woda-perfumowana-miniatura-5ml","title":{"rendered":"Lolita Lempicka woda perfumowana miniatura 5ml"},"content":{"rendered":"<p>Lolita Lempicka to \u015bwietnie dobrana, kwiatowo-owocowa kompozycja dla kobiet.<\/p>\n<p><\/p>\n<p><b>Nuty zapachowe:<br \/><\/b><br \/><b>Nuta g\u0142owy:\u00a0<\/b>any\u017c gwiazdkowaty, fio\u0142ek, bluszcz<br \/><b>Nuta serca:\u00a0<\/b>lukrecja, wi\u015bnia, irys, korze\u0144 irysa, zwartnica<br \/><b>Nuta bazy:\u00a0<\/b>wanilia, pralina, fasolka tonka, bia\u0142e pi\u017cmo, wetyweria<\/p>\n<p><strong>Gramatura:<\/strong> ml<br \/>\n<strong>Linia k\u0105pielowa:<\/strong> nie<br \/>\n<strong>Miniatura:<\/strong> tak<br \/>\n<strong>Nuta bazy:<\/strong> bia\u0142e pi\u017cmo, fasolka tonka, pralina, wanilia, wetyweria<br \/>\n<strong>Nuta g\u0142owy:<\/strong> any\u017c gwiazdkowaty, bluszcz, fio\u0142ek<br \/>\n<strong>Nuta g\u0142\u00f3wna:<\/strong> gourmand, kwiatowe, owocowe<br \/>\n<strong>Nuta serca:<\/strong> irys, korze\u0144 irysa, lukrecja, wi\u015bnia, zwartnica<br \/>\n<strong>Pojemno\u015b\u0107:<\/strong> 5<br \/>\n<strong>Produkt rzadki:<\/strong> nie<br \/>\n<strong>Pr\u00f3bka:<\/strong> nie<br \/>\n<strong>P\u0142e\u0107:<\/strong> damski<br \/>\n<strong>Rodzaj:<\/strong> woda perfumowana<br \/>\n<strong>Tester:<\/strong> nie<br \/>\n<strong>Zapach alternatywny:<\/strong> nie<br \/>\n<strong>Zestaw:<\/strong> nie<\/p>\n<p><strong>Uwagi:<\/strong><\/p>\n<p>Produkt przechowywa\u0107 z dala od ognia i \u017ar\u00f3de\u0142 ciep\u0142a. Trzyma\u0107 w miejscu niedost\u0119pnym dla dzieci. Nie stosowa\u0107 na podra\u017cnion\u0105 lub uszkodzon\u0105 sk\u00f3r\u0119. Unika\u0107 kontaktu z oczami.<\/p>\n<p><strong>Sk\u0142adniki:<\/strong><\/p>\n<p>ALCOHOL DENAT, PARFUM (FRAGRANCE, AQUA (WATER\/EAU, ETHYLHEXYL METHOXYCINNAMATE, BUTYL METHOXYDIBENZOYLMETHANE, ETHYLHEXYL SALICYLATE, CI 60730 (EXT. VIOLET 21, ALPHA-ISOMETHYL IONONE, BENZYL BENZOATE, CITRAL, CITRONELLOL, COUMARIN, GERANIOL, LIMONENE, LINALOOL<\/p>\n","protected":false},"excerpt":{"rendered":"<p> <strong>Gramatura:<\/strong> ml<br \/>  <strong>Linia k\u0105pielowa:<\/strong> nie<br \/>  <strong>Miniatura:<\/strong> tak<br \/>  <strong>Nuta bazy:<\/strong> bia\u0142e pi\u017cmo, fasolka tonka, pralina, wanilia, wetyweria<br \/>  <strong>Nuta g\u0142owy:<\/strong> any\u017c gwiazdkowaty, bluszcz, fio\u0142ek<br \/>  <strong>Nuta g\u0142\u00f3wna:<\/strong> gourmand, kwiatowe, owocowe<br \/>  <strong>Nuta serca:<\/strong> irys, korze\u0144 irysa, lukrecja, wi\u015bnia, zwartnica<br \/>  <strong>Pojemno\u015b\u0107:<\/strong> 5<br \/>  <strong>Produkt rzadki:<\/strong> nie<br \/>  <strong>Pr\u00f3bka:<\/strong> nie<br \/>  <strong>P\u0142e\u0107:<\/strong> damski<br \/>  <strong>Rodzaj:<\/strong> woda perfumowana<br \/>  <strong>Tester:<\/strong> nie<br \/>  <strong>Zapach alternatywny:<\/strong> nie<br \/>  <strong>Zestaw:<\/strong> nie <\/p>\n","protected":false},"featured_media":78463,"comment_status":"open","ping_status":"closed","template":"","meta":{"_acf_changed":false},"kategoria-hurtowni":[87,88],"product_brand":[605],"product_cat":[76],"product_tag":[],"class_list":{"0":"post-78462","1":"product","2":"type-product","3":"status-publish","4":"has-post-thumbnail","6":"kategoria-hurtowni-perfumy","7":"kategoria-hurtowni-zapachy","8":"product_brand-lolita-lempicka","9":"product_cat-primavera","11":"first","12":"outofstock","13":"taxable","14":"shipping-taxable","15":"product-type-simple"},"acf":[],"_links":{"self":[{"href":"https:\/\/premino.pl\/index.php?rest_route=\/wp\/v2\/product\/78462","targetHints":{"allow":["GET"]}}],"collection":[{"href":"https:\/\/premino.pl\/index.php?rest_route=\/wp\/v2\/product"}],"about":[{"href":"https:\/\/premino.pl\/index.php?rest_route=\/wp\/v2\/types\/product"}],"replies":[{"embeddable":true,"href":"https:\/\/premino.pl\/index.php?rest_route=%2Fwp%2Fv2%2Fcomments&post=78462"}],"wp:featuredmedia":[{"embeddable":true,"href":"https:\/\/premino.pl\/index.php?rest_route=\/wp\/v2\/media\/78463"}],"wp:attachment":[{"href":"https:\/\/premino.pl\/index.php?rest_route=%2Fwp%2Fv2%2Fmedia&parent=78462"}],"wp:term":[{"taxonomy":"kategoria-hurtowni","embeddable":true,"href":"https:\/\/premino.pl\/index.php?rest_route=%2Fwp%2Fv2%2Fkategoria-hurtowni&post=78462"},{"taxonomy":"product_brand","embeddable":true,"href":"https:\/\/premino.pl\/index.php?rest_route=%2Fwp%2Fv2%2Fproduct_brand&post=78462"},{"taxonomy":"product_cat","embeddable":true,"href":"https:\/\/premino.pl\/index.php?rest_route=%2Fwp%2Fv2%2Fproduct_cat&post=78462"},{"taxonomy":"product_tag","embeddable":true,"href":"https:\/\/premino.pl\/index.php?rest_route=%2Fwp%2Fv2%2Fproduct_tag&post=78462"}],"curies":[{"name":"wp","href":"https:\/\/api.w.org\/{rel}","templated":true}]}}