{"id":78774,"date":"2026-05-13T21:46:06","date_gmt":"2026-05-13T19:46:06","guid":{"rendered":"https:\/\/premino.pl\/?product=lipstick-pomadka-do-ust-red-my-lips-4-5g"},"modified":"2026-05-13T21:46:06","modified_gmt":"2026-05-13T19:46:06","slug":"lipstick-pomadka-do-ust-red-my-lips-4-5g","status":"publish","type":"product","link":"https:\/\/premino.pl\/?product=lipstick-pomadka-do-ust-red-my-lips-4-5g","title":{"rendered":"Lipstick pomadka do ust Red My Lips 4.5g"},"content":{"rendered":"<p>Nawil\u017caj\u0105ca, soczysta szminka wzbogacona w przeciwutleniacze chroni\u0105ce usta przed szkodliwym wp\u0142ywem \u015brodowiska, witamin\u0105 E i naturalnym filtrem przeciws\u0142onecznym. Intensywnie napigmentowana i komfortowa, o satynowym wyko\u0144czeniu, kt\u00f3ra przez d\u0142ugi czas pozostaje na ustach.<\/p>\n<p><strong>Gramatura:<\/strong> g<br \/>\n<strong>Kolor:<\/strong> Red My Lips<br \/>\n<strong>Pojemno\u015b\u0107:<\/strong> 4.5<br \/>\n<strong>P\u0142e\u0107:<\/strong> damski<br \/>\n<strong>Rodzaj:<\/strong> kremowe<br \/>\n<strong>S\u0142o\u0144ce:<\/strong> tak<\/p>\n<p><strong>Uwagi:<\/strong><\/p>\n<p><strong>Sk\u0142adniki:<\/strong><\/p>\n<p>Pentaerythrityl Tetraisostearate, Caprylic\/capric Triglyceride, Bis-diglyceryl Polyacyladipate-2, Tridecyl Trimellitate, Euphorbia Cerifera Wax, Octyldodecyl Stearoyl Stearate, CI 15850, Copernicia Cerifera Wax, Microcrystalline Wax, Ozokerite, Polyethylene, CI 45410, Tocopheryl Acetate, Stearoxy Dimethicone, Phenoxyethanol, BHT, CI 15850<\/p>\n","protected":false},"excerpt":{"rendered":"<p> <strong>Gramatura:<\/strong> g<br \/>  <strong>Kolor:<\/strong> Red My Lips<br \/>  <strong>Pojemno\u015b\u0107:<\/strong> 4.5<br \/>  <strong>P\u0142e\u0107:<\/strong> damski<br \/>  <strong>Rodzaj:<\/strong> kremowe<br \/>  <strong>S\u0142o\u0144ce:<\/strong> tak <\/p>\n","protected":false},"featured_media":78775,"comment_status":"open","ping_status":"closed","template":"","meta":{"_acf_changed":false},"kategoria-hurtowni":[83,105,106],"product_brand":[1215],"product_cat":[76],"product_tag":[],"class_list":{"0":"post-78774","1":"product","2":"type-product","3":"status-publish","4":"has-post-thumbnail","6":"kategoria-hurtowni-makijaz","7":"kategoria-hurtowni-makijaz-usta","8":"kategoria-hurtowni-pomadki","9":"product_brand-ofra","10":"product_cat-primavera","12":"first","13":"outofstock","14":"taxable","15":"shipping-taxable","16":"product-type-simple"},"acf":[],"_links":{"self":[{"href":"https:\/\/premino.pl\/index.php?rest_route=\/wp\/v2\/product\/78774","targetHints":{"allow":["GET"]}}],"collection":[{"href":"https:\/\/premino.pl\/index.php?rest_route=\/wp\/v2\/product"}],"about":[{"href":"https:\/\/premino.pl\/index.php?rest_route=\/wp\/v2\/types\/product"}],"replies":[{"embeddable":true,"href":"https:\/\/premino.pl\/index.php?rest_route=%2Fwp%2Fv2%2Fcomments&post=78774"}],"wp:featuredmedia":[{"embeddable":true,"href":"https:\/\/premino.pl\/index.php?rest_route=\/wp\/v2\/media\/78775"}],"wp:attachment":[{"href":"https:\/\/premino.pl\/index.php?rest_route=%2Fwp%2Fv2%2Fmedia&parent=78774"}],"wp:term":[{"taxonomy":"kategoria-hurtowni","embeddable":true,"href":"https:\/\/premino.pl\/index.php?rest_route=%2Fwp%2Fv2%2Fkategoria-hurtowni&post=78774"},{"taxonomy":"product_brand","embeddable":true,"href":"https:\/\/premino.pl\/index.php?rest_route=%2Fwp%2Fv2%2Fproduct_brand&post=78774"},{"taxonomy":"product_cat","embeddable":true,"href":"https:\/\/premino.pl\/index.php?rest_route=%2Fwp%2Fv2%2Fproduct_cat&post=78774"},{"taxonomy":"product_tag","embeddable":true,"href":"https:\/\/premino.pl\/index.php?rest_route=%2Fwp%2Fv2%2Fproduct_tag&post=78774"}],"curies":[{"name":"wp","href":"https:\/\/api.w.org\/{rel}","templated":true}]}}