{"id":78908,"date":"2026-05-13T21:47:38","date_gmt":"2026-05-13T19:47:38","guid":{"rendered":"https:\/\/premino.pl\/?product=encens-flamboyant-woda-perfumowana-spray-100ml"},"modified":"2026-05-13T21:47:38","modified_gmt":"2026-05-13T19:47:38","slug":"encens-flamboyant-woda-perfumowana-spray-100ml","status":"publish","type":"product","link":"https:\/\/premino.pl\/?product=encens-flamboyant-woda-perfumowana-spray-100ml","title":{"rendered":"Encens Flamboyant woda perfumowana spray 100ml"},"content":{"rendered":"<p>Oczarowana melancholijnym brzmieniem muzyki, kieruje si\u0119 w g\u0142\u0105b pa\u0142acowej uliczki, z dala od zgie\u0142ku miasta. Przez mistern\u0105 maszarabij\u0119 dostrzega staro\u017cytny rytua\u0142 perfumowania. Wok\u00f3\u0142 kadzielnicy stoj\u0105 postacie zdobione klejnotami, a smuk\u0142e kolumny dymu unosz\u0105 si\u0119 w spokojnym nocnym powietrzu, nikn\u0105c w\u015br\u00f3d gwiazd. Poznaj zapach Encens Flamboyant.<\/p>\n<p><b>Nuty zapachowe:<br \/><\/b><br \/><b>Nuta g\u0142owy: <\/b>kadzid\u0142o, czarny pieprz<br \/><b>Nuta serca: <\/b>kadzid\u0142o, ga\u0142ka muszkato\u0142owa, kardamon<br \/><b>Nuta bazy: <\/b>kadzid\u0142o, jod\u0142a balsamiczna, mastyks<\/p>\n<p><strong>Gramatura:<\/strong> ml<br \/>\n<strong>Linia k\u0105pielowa:<\/strong> nie<br \/>\n<strong>Miniatura:<\/strong> nie<br \/>\n<strong>Nuta bazy:<\/strong> jod\u0142a balsamiczna, kadzid\u0142o, mastyks<br \/>\n<strong>Nuta g\u0142owy:<\/strong> czarny pieprz, kadzid\u0142o<br \/>\n<strong>Nuta g\u0142\u00f3wna:<\/strong> aromatyczne<br \/>\n<strong>Nuta serca:<\/strong> ga\u0142ka muszkato\u0142owa, kadzid\u0142o, kardamon<br \/>\n<strong>Pojemno\u015b\u0107:<\/strong> 100<br \/>\n<strong>Produkt rzadki:<\/strong> tak<br \/>\n<strong>Pr\u00f3bka:<\/strong> nie<br \/>\n<strong>P\u0142e\u0107:<\/strong> unisex<br \/>\n<strong>Rodzaj:<\/strong> woda perfumowana<br \/>\n<strong>Tester:<\/strong> nie<br \/>\n<strong>Zapach alternatywny:<\/strong> nie<br \/>\n<strong>Zestaw:<\/strong> nie<\/p>\n<p><strong>Uwagi:<\/strong><\/p>\n<p>Przechowywa\u0107 z dala od ognia i \u017ar\u00f3de\u0142 ciep\u0142a. Trzyma\u0107 w miejscu niedost\u0119pnym dla dzieci. Nie stosowa\u0107 na podra\u017cnion\u0105 lub uszkodzon\u0105 sk\u00f3r\u0119. Unika\u0107 kontaktu z oczami.<\/p>\n<p><strong>Sk\u0142adniki:<\/strong><\/p>\n<p>Alcohol Denat &#8211; Parfum (Fragrance) &#8211; Aqua (Water \/Eau) &#8211; Benzyl Alcohol &#8211; Citral &#8211; Coumarin &#8211; Evernia Furfuracea &#8211; Geraniol &#8211; Limonene &#8211; Linalool<\/p>\n","protected":false},"excerpt":{"rendered":"<p> <strong>Gramatura:<\/strong> ml<br \/>  <strong>Linia k\u0105pielowa:<\/strong> nie<br \/>  <strong>Miniatura:<\/strong> nie<br \/>  <strong>Nuta bazy:<\/strong> jod\u0142a balsamiczna, kadzid\u0142o, mastyks<br \/>  <strong>Nuta g\u0142owy:<\/strong> czarny pieprz, kadzid\u0142o<br \/>  <strong>Nuta g\u0142\u00f3wna:<\/strong> aromatyczne<br \/>  <strong>Nuta serca:<\/strong> ga\u0142ka muszkato\u0142owa, kadzid\u0142o, kardamon<br \/>  <strong>Pojemno\u015b\u0107:<\/strong> 100<br \/>  <strong>Produkt rzadki:<\/strong> tak<br \/>  <strong>Pr\u00f3bka:<\/strong> nie<br \/>  <strong>P\u0142e\u0107:<\/strong> unisex<br \/>  <strong>Rodzaj:<\/strong> woda perfumowana<br \/>  <strong>Tester:<\/strong> nie<br \/>  <strong>Zapach alternatywny:<\/strong> nie<br \/>  <strong>Zestaw:<\/strong> nie <\/p>\n","protected":false},"featured_media":78909,"comment_status":"open","ping_status":"closed","template":"","meta":{"_acf_changed":false},"kategoria-hurtowni":[87,88],"product_brand":[263],"product_cat":[76],"product_tag":[],"class_list":{"0":"post-78908","1":"product","2":"type-product","3":"status-publish","4":"has-post-thumbnail","6":"kategoria-hurtowni-perfumy","7":"kategoria-hurtowni-zapachy","8":"product_brand-goutal","9":"product_cat-primavera","11":"first","12":"outofstock","13":"taxable","14":"shipping-taxable","15":"product-type-simple"},"acf":[],"_links":{"self":[{"href":"https:\/\/premino.pl\/index.php?rest_route=\/wp\/v2\/product\/78908","targetHints":{"allow":["GET"]}}],"collection":[{"href":"https:\/\/premino.pl\/index.php?rest_route=\/wp\/v2\/product"}],"about":[{"href":"https:\/\/premino.pl\/index.php?rest_route=\/wp\/v2\/types\/product"}],"replies":[{"embeddable":true,"href":"https:\/\/premino.pl\/index.php?rest_route=%2Fwp%2Fv2%2Fcomments&post=78908"}],"wp:featuredmedia":[{"embeddable":true,"href":"https:\/\/premino.pl\/index.php?rest_route=\/wp\/v2\/media\/78909"}],"wp:attachment":[{"href":"https:\/\/premino.pl\/index.php?rest_route=%2Fwp%2Fv2%2Fmedia&parent=78908"}],"wp:term":[{"taxonomy":"kategoria-hurtowni","embeddable":true,"href":"https:\/\/premino.pl\/index.php?rest_route=%2Fwp%2Fv2%2Fkategoria-hurtowni&post=78908"},{"taxonomy":"product_brand","embeddable":true,"href":"https:\/\/premino.pl\/index.php?rest_route=%2Fwp%2Fv2%2Fproduct_brand&post=78908"},{"taxonomy":"product_cat","embeddable":true,"href":"https:\/\/premino.pl\/index.php?rest_route=%2Fwp%2Fv2%2Fproduct_cat&post=78908"},{"taxonomy":"product_tag","embeddable":true,"href":"https:\/\/premino.pl\/index.php?rest_route=%2Fwp%2Fv2%2Fproduct_tag&post=78908"}],"curies":[{"name":"wp","href":"https:\/\/api.w.org\/{rel}","templated":true}]}}