{"id":79739,"date":"2026-05-13T21:57:48","date_gmt":"2026-05-13T19:57:48","guid":{"rendered":"https:\/\/premino.pl\/?product=gentle-body-scrub-delikatny-peeling-do-ciala-200ml"},"modified":"2026-05-13T21:57:48","modified_gmt":"2026-05-13T19:57:48","slug":"gentle-body-scrub-delikatny-peeling-do-ciala-200ml","status":"publish","type":"product","link":"https:\/\/premino.pl\/?product=gentle-body-scrub-delikatny-peeling-do-ciala-200ml","title":{"rendered":"Gentle Body Scrub delikatny peeling do cia\u0142a 200ml"},"content":{"rendered":"<p>Ten peeling do cia\u0142a o bogatej konsystencji delikatnie z\u0142uszcza martwy nask\u00f3rek, przywracaj\u0105c sk\u00f3rze mi\u0119kko\u015b\u0107 i blask. Wzbogacony o kompleks \u0142agodz\u0105cy na bazie olejk\u00f3w i nawil\u017caj\u0105ce sk\u0142adniki pochodzenia ro\u015blinnego. Delikatnie wyg\u0142adza i udoskonala struktur\u0119 sk\u00f3ry dzi\u0119ki po\u0142\u0105czeniu mi\u0119kkich mikrogranulek celulozowych i wosku jojoba.<\/p>\n<p>\u2022 Odpowiedni dla sk\u00f3ry wra\u017cliwej<br \/>\u2022 Poprawia struktur\u0119 sk\u00f3ry<br \/>\u2022 Z\u0142uszcza, nawil\u017ca, wyg\u0142adza<\/p>\n<p><b>Stosowanie: <\/b>Nanie\u015b\u0107 na wilgotn\u0105 sk\u00f3r\u0119. Delikatnie masowa\u0107, zwracaj\u0105c szczeg\u00f3ln\u0105 uwag\u0119 na \u0142okcie, kolana i pi\u0119ty, a nast\u0119pnie dok\u0142adnie sp\u0142uka\u0107. Stosowa\u0107 raz lub dwa razy w tygodniu.<\/p>\n<p><strong>Dzia\u0142anie:<\/strong> wyg\u0142adza, zmi\u0119kcza, z\u0142uszcza martwy nask\u00f3rek<br \/>\n<strong>Gramatura:<\/strong> ml<br \/>\n<strong>Konsystencja:<\/strong> peeling<br \/>\n<strong>Linie elitarne:<\/strong> nie<br \/>\n<strong>Lokalizacja:<\/strong> ca\u0142e cia\u0142o<br \/>\n<strong>Piel\u0119gnacja cia\u0142a:<\/strong> nie<br \/>\n<strong>Pojemno\u015b\u0107:<\/strong> 200<br \/>\n<strong>P\u0142e\u0107:<\/strong> damski<br \/>\n<strong>S\u0142o\u0144ce:<\/strong> nie<\/p>\n<p><strong>Uwagi:<\/strong><\/p>\n<p>Unika\u0107 kontaktu z oczami.<\/p>\n<p><strong>Sk\u0142adniki:<\/strong><\/p>\n<p>AVENE THERMAL SPRING WATER (AVENE AQUA). SODIUM LAURETH SULFATE. WATER (AQUA). CELLULOSE ACETATE. GLYCERIN. OLETH-10. DECYL GLUCOSIDE. TOCOPHERYL ACETATE. ACRYLATES\/C10-30 ALKYL ACRYLATE CROSSPOLYMER. ASCORBYL PALMITATE. BUTYROSPERMUM PARKII (SHEA) OIL (BUTYROSPERMUM PARKII OIL). CAMELINA SATIVA SEED OIL. CAPRYLYL GLYCOL. CARTHAMUS TINCTORIUS (SAFFLOWER) SEED OIL (CARTHAMUS TINCTORIUS SEED OIL). CITRIC ACID. COCO-GLUCOSIDE. FRAGRANCE (PARFUM). GLYCERYL OLEATE. HYDROGENATED PALM GLYCERIDES CITRATE. JOJOBA ESTERS. LAURYL BETAINE. LECITHIN. PEG-30 DIPOLYHYDROXYSTEARATE. RED 30 (CI 73360). SODIUM BENZOATE. SODIUM CHLORIDE. SODIUM HYDROXIDE. TALC. TOCOPHEROL. TRIDECETH-6<\/p>\n","protected":false},"excerpt":{"rendered":"<p> <strong>Dzia\u0142anie:<\/strong> wyg\u0142adza, zmi\u0119kcza, z\u0142uszcza martwy nask\u00f3rek<br \/>  <strong>Gramatura:<\/strong> ml<br \/>  <strong>Konsystencja:<\/strong> peeling<br \/>  <strong>Linie elitarne:<\/strong> nie<br \/>  <strong>Lokalizacja:<\/strong> ca\u0142e cia\u0142o<br \/>  <strong>Piel\u0119gnacja cia\u0142a:<\/strong> nie<br \/>  <strong>Pojemno\u015b\u0107:<\/strong> 200<br \/>  <strong>P\u0142e\u0107:<\/strong> damski<br \/>  <strong>S\u0142o\u0144ce:<\/strong> nie <\/p>\n","protected":false},"featured_media":79740,"comment_status":"open","ping_status":"closed","template":"","meta":{"_acf_changed":false},"kategoria-hurtowni":[211,212],"product_brand":[829],"product_cat":[76],"product_tag":[],"class_list":{"0":"post-79739","1":"product","2":"type-product","3":"status-publish","4":"has-post-thumbnail","6":"kategoria-hurtowni-dermokosmetyki","7":"kategoria-hurtowni-pielegnacja-ciala-dermokosmetyki","8":"product_brand-avene","9":"product_cat-primavera","11":"first","12":"outofstock","13":"taxable","14":"shipping-taxable","15":"product-type-simple"},"acf":[],"_links":{"self":[{"href":"https:\/\/premino.pl\/index.php?rest_route=\/wp\/v2\/product\/79739","targetHints":{"allow":["GET"]}}],"collection":[{"href":"https:\/\/premino.pl\/index.php?rest_route=\/wp\/v2\/product"}],"about":[{"href":"https:\/\/premino.pl\/index.php?rest_route=\/wp\/v2\/types\/product"}],"replies":[{"embeddable":true,"href":"https:\/\/premino.pl\/index.php?rest_route=%2Fwp%2Fv2%2Fcomments&post=79739"}],"wp:featuredmedia":[{"embeddable":true,"href":"https:\/\/premino.pl\/index.php?rest_route=\/wp\/v2\/media\/79740"}],"wp:attachment":[{"href":"https:\/\/premino.pl\/index.php?rest_route=%2Fwp%2Fv2%2Fmedia&parent=79739"}],"wp:term":[{"taxonomy":"kategoria-hurtowni","embeddable":true,"href":"https:\/\/premino.pl\/index.php?rest_route=%2Fwp%2Fv2%2Fkategoria-hurtowni&post=79739"},{"taxonomy":"product_brand","embeddable":true,"href":"https:\/\/premino.pl\/index.php?rest_route=%2Fwp%2Fv2%2Fproduct_brand&post=79739"},{"taxonomy":"product_cat","embeddable":true,"href":"https:\/\/premino.pl\/index.php?rest_route=%2Fwp%2Fv2%2Fproduct_cat&post=79739"},{"taxonomy":"product_tag","embeddable":true,"href":"https:\/\/premino.pl\/index.php?rest_route=%2Fwp%2Fv2%2Fproduct_tag&post=79739"}],"curies":[{"name":"wp","href":"https:\/\/api.w.org\/{rel}","templated":true}]}}