{"id":79905,"date":"2026-05-13T21:59:46","date_gmt":"2026-05-13T19:59:46","guid":{"rendered":"https:\/\/premino.pl\/?product=1881-reve-de-roses-woda-perfumowana-spray-50ml"},"modified":"2026-05-13T21:59:46","modified_gmt":"2026-05-13T19:59:46","slug":"1881-reve-de-roses-woda-perfumowana-spray-50ml","status":"publish","type":"product","link":"https:\/\/premino.pl\/?product=1881-reve-de-roses-woda-perfumowana-spray-50ml","title":{"rendered":"1881 Reve de Roses woda perfumowana spray 50ml"},"content":{"rendered":"<p>1881 Reve de Roses: zmys\u0142owy, a zarazem energetyzuj\u0105cy zapach, kt\u00f3ry przyci\u0105ga uwag\u0119.<\/p>\n<p><b>Nuty zapachowe:<br \/><\/b><br \/><b>Nuta g\u0142owy: <\/b>r\u00f3\u017cowy pieprz, bergamotka, liczi<br \/><b>Nuta serca: <\/b>r\u00f3\u017ca, ja\u015bmin<br \/><b>Nuta bazy: <\/b>akigalawood, drzewo sanda\u0142owe<\/p>\n<p><strong>Gramatura:<\/strong> ml<br \/>\n<strong>Linia k\u0105pielowa:<\/strong> nie<br \/>\n<strong>Miniatura:<\/strong> nie<br \/>\n<strong>Nuta bazy:<\/strong> akigalawood, drzewo sanda\u0142owe<br \/>\n<strong>Nuta g\u0142owy:<\/strong> bergamotka, liczi, r\u00f3\u017cowy pieprz<br \/>\n<strong>Nuta g\u0142\u00f3wna:<\/strong> kwiatowe, \u015bwie\u017ca<br \/>\n<strong>Nuta serca:<\/strong> ja\u015bmin, r\u00f3\u017ca<br \/>\n<strong>Pojemno\u015b\u0107:<\/strong> 50<br \/>\n<strong>Produkt rzadki:<\/strong> nie<br \/>\n<strong>Pr\u00f3bka:<\/strong> nie<br \/>\n<strong>P\u0142e\u0107:<\/strong> damski<br \/>\n<strong>Rodzaj:<\/strong> woda perfumowana<br \/>\n<strong>Tester:<\/strong> nie<br \/>\n<strong>Zapach alternatywny:<\/strong> nie<br \/>\n<strong>Zestaw:<\/strong> nie<\/p>\n<p><strong>Uwagi:<\/strong><\/p>\n<p>PRODUKT \u0141ATWOPALNY. NIE STOSOWA\u0106 W POBLI\u017bU OGNIA, P\u0141OMIENIA LUB \u0179R\u00d3D\u0141A CIEP\u0141A. UNIKA\u0106 ROZPYLANIA DO OCZU.<\/p>\n<p><strong>Sk\u0142adniki:<\/strong><\/p>\n<p>Alcohol Denat., Fragrance (Parfum), Aqua\/Water\/Eau, Hydroxycitronellal, Ethylhexyl Methoxycinnamate,Limonene, Ethylhexyl Salicylate, Butyl Methoxydibenzoylmethane, Linalool, Citronellal, Citral, Geraniol, Farnesol, BHT, CI 17200(Red 33), CI 60730 (Ext. Violet 2), CI 19140 (Yellow 5).<\/p>\n","protected":false},"excerpt":{"rendered":"<p> <strong>Gramatura:<\/strong> ml<br \/>  <strong>Linia k\u0105pielowa:<\/strong> nie<br \/>  <strong>Miniatura:<\/strong> nie<br \/>  <strong>Nuta bazy:<\/strong> akigalawood, drzewo sanda\u0142owe<br \/>  <strong>Nuta g\u0142owy:<\/strong> bergamotka, liczi, r\u00f3\u017cowy pieprz<br \/>  <strong>Nuta g\u0142\u00f3wna:<\/strong> kwiatowe, \u015bwie\u017ca<br \/>  <strong>Nuta serca:<\/strong> ja\u015bmin, r\u00f3\u017ca<br \/>  <strong>Pojemno\u015b\u0107:<\/strong> 50<br \/>  <strong>Produkt rzadki:<\/strong> nie<br \/>  <strong>Pr\u00f3bka:<\/strong> nie<br \/>  <strong>P\u0142e\u0107:<\/strong> damski<br \/>  <strong>Rodzaj:<\/strong> woda perfumowana<br \/>  <strong>Tester:<\/strong> nie<br \/>  <strong>Zapach alternatywny:<\/strong> nie<br \/>  <strong>Zestaw:<\/strong> nie <\/p>\n","protected":false},"featured_media":79906,"comment_status":"open","ping_status":"closed","template":"","meta":{"_acf_changed":false},"kategoria-hurtowni":[87,88],"product_brand":[372],"product_cat":[76],"product_tag":[],"class_list":{"0":"post-79905","1":"product","2":"type-product","3":"status-publish","4":"has-post-thumbnail","6":"kategoria-hurtowni-perfumy","7":"kategoria-hurtowni-zapachy","8":"product_brand-cerruti","9":"product_cat-primavera","11":"first","12":"outofstock","13":"taxable","14":"shipping-taxable","15":"product-type-simple"},"acf":[],"_links":{"self":[{"href":"https:\/\/premino.pl\/index.php?rest_route=\/wp\/v2\/product\/79905","targetHints":{"allow":["GET"]}}],"collection":[{"href":"https:\/\/premino.pl\/index.php?rest_route=\/wp\/v2\/product"}],"about":[{"href":"https:\/\/premino.pl\/index.php?rest_route=\/wp\/v2\/types\/product"}],"replies":[{"embeddable":true,"href":"https:\/\/premino.pl\/index.php?rest_route=%2Fwp%2Fv2%2Fcomments&post=79905"}],"wp:featuredmedia":[{"embeddable":true,"href":"https:\/\/premino.pl\/index.php?rest_route=\/wp\/v2\/media\/79906"}],"wp:attachment":[{"href":"https:\/\/premino.pl\/index.php?rest_route=%2Fwp%2Fv2%2Fmedia&parent=79905"}],"wp:term":[{"taxonomy":"kategoria-hurtowni","embeddable":true,"href":"https:\/\/premino.pl\/index.php?rest_route=%2Fwp%2Fv2%2Fkategoria-hurtowni&post=79905"},{"taxonomy":"product_brand","embeddable":true,"href":"https:\/\/premino.pl\/index.php?rest_route=%2Fwp%2Fv2%2Fproduct_brand&post=79905"},{"taxonomy":"product_cat","embeddable":true,"href":"https:\/\/premino.pl\/index.php?rest_route=%2Fwp%2Fv2%2Fproduct_cat&post=79905"},{"taxonomy":"product_tag","embeddable":true,"href":"https:\/\/premino.pl\/index.php?rest_route=%2Fwp%2Fv2%2Fproduct_tag&post=79905"}],"curies":[{"name":"wp","href":"https:\/\/api.w.org\/{rel}","templated":true}]}}