{"id":80153,"date":"2026-05-13T22:02:55","date_gmt":"2026-05-13T20:02:55","guid":{"rendered":"https:\/\/premino.pl\/?product=sensitive-fine-liner-eyeliner-do-oczu-6-ocean-eyes-1ml"},"modified":"2026-05-13T22:02:55","modified_gmt":"2026-05-13T20:02:55","slug":"sensitive-fine-liner-eyeliner-do-oczu-6-ocean-eyes-1ml","status":"publish","type":"product","link":"https:\/\/premino.pl\/?product=sensitive-fine-liner-eyeliner-do-oczu-6-ocean-eyes-1ml","title":{"rendered":"Sensitive Fine Liner eyeliner do oczu 6 Ocean Eyes 1ml"},"content":{"rendered":"<p>Sensitive Fine Liner to niezb\u0119dny eyeliner, kt\u00f3ry spe\u0142nia wszystkie oczekiwania, by nada\u0107 oczom zachwycaj\u0105c\u0105 definicj\u0119! Ten p\u0142ynny eyeliner umo\u017cliwia precyzyjne rysowanie r\u00f3wnych linii, kt\u00f3re podkre\u015bl\u0105 ka\u017cdy kszta\u0142t oka. Jego d\u0142ugotrwa\u0142a, pozbawiona paraben\u00f3w formu\u0142a jest intensywnie napigmentowana, zapewniaj\u0105c doskona\u0142e krycie i szybkie schni\u0119cie z matowym, aksamitnym wyko\u0144czeniem. Ergonomiczny uchwyt wygodnie i pewnie le\u017cy w d\u0142oni, dzi\u0119ki czemu eyeliner jest \u0142atwy w aplikacji \u2014 nawet dla os\u00f3b, kt\u00f3re dopiero zaczynaj\u0105 przygod\u0119 z eyelinerem. Delikatna ko\u0144c\u00f3wka pozwala \u0142atwo obrysowa\u0107 oko intensywnym kolorem, uwalniaj\u0105c odpowiedni\u0105 ilo\u015b\u0107 produktu przy ka\u017cdej aplikacji. Odporna na rozmazywanie i wod\u0119 formu\u0142a sprawia, \u017ce eyeliner pozostaje na miejscu przez ca\u0142y dzie\u0144, zapewniaj\u0105c efektowny i stylowy makija\u017c oczu.<\/p>\n<p><b>Aplikacja:\u00a0<\/b>Na\u0142\u00f3\u017c eyeliner wzd\u0142u\u017c linii rz\u0119s, zaczynaj\u0105c od wewn\u0119trznego k\u0105cika oka i przesuwaj\u0105c si\u0119 w stron\u0119 zewn\u0119trznego. Po ka\u017cdorazowym u\u017cyciu dok\u0142adnie zamknij opakowanie i przechowuj produkt w pozycji poziomej, aby zapobiec jego wysychaniu.<\/p>\n<p><strong>Forma podania:<\/strong> pisak<br \/>\n<strong>Gramatura:<\/strong> ml<br \/>\n<strong>Kolor:<\/strong> 6 Ocean Eyes<br \/>\n<strong>Pojemno\u015b\u0107:<\/strong> 1<br \/>\n<strong>P\u0142e\u0107:<\/strong> damski<br \/>\n<strong>S\u0142o\u0144ce:<\/strong> nie<br \/>\n<strong>Wodoodporne:<\/strong> nie<\/p>\n<p><strong>Uwagi:<\/strong><\/p>\n<p>Tylko do u\u017cytku zewn\u0119trznego.<\/p>\n<p><strong>Sk\u0142adniki:<\/strong><\/p>\n<p>AQUA (WATER), STYRENE\/ACRYLATES\/AMMONIUM METHACRYLATE COPOLYMER, METHYLPROPANEDIOL, PPG-70 TOCOPHERETH-100, POLOXAMER 407, COCO-GLUCOSIDE, PHENOXYETHANOL, BUTYLENE GLYCOL, POTASSIUM SORBATE, SODIUM LAURETH-12 SULFATE, SODIUM BENZOATE, CITRIC ACID, AMMONIUM HYDROXIDE, BHT, CI 77510 (FERRIC FERROCYANIDE), CI 77891 (TITANIUM DIOXIDE)<\/p>\n","protected":false},"excerpt":{"rendered":"<p> <strong>Forma podania:<\/strong> pisak<br \/>  <strong>Gramatura:<\/strong> ml<br \/>  <strong>Kolor:<\/strong> 6 Ocean Eyes<br \/>  <strong>Pojemno\u015b\u0107:<\/strong> 1<br \/>  <strong>P\u0142e\u0107:<\/strong> damski<br \/>  <strong>S\u0142o\u0144ce:<\/strong> nie<br \/>  <strong>Wodoodporne:<\/strong> nie <\/p>\n","protected":false},"featured_media":80154,"comment_status":"open","ping_status":"closed","template":"","meta":{"_acf_changed":false},"kategoria-hurtowni":[179,83,126],"product_brand":[620],"product_cat":[76],"product_tag":[],"class_list":{"0":"post-80153","1":"product","2":"type-product","3":"status-publish","4":"has-post-thumbnail","6":"kategoria-hurtowni-eyeliner","7":"kategoria-hurtowni-makijaz","8":"kategoria-hurtowni-makijaz-oczy","9":"product_brand-artdeco","10":"product_cat-primavera","12":"first","13":"outofstock","14":"taxable","15":"shipping-taxable","16":"product-type-simple"},"acf":[],"_links":{"self":[{"href":"https:\/\/premino.pl\/index.php?rest_route=\/wp\/v2\/product\/80153","targetHints":{"allow":["GET"]}}],"collection":[{"href":"https:\/\/premino.pl\/index.php?rest_route=\/wp\/v2\/product"}],"about":[{"href":"https:\/\/premino.pl\/index.php?rest_route=\/wp\/v2\/types\/product"}],"replies":[{"embeddable":true,"href":"https:\/\/premino.pl\/index.php?rest_route=%2Fwp%2Fv2%2Fcomments&post=80153"}],"wp:featuredmedia":[{"embeddable":true,"href":"https:\/\/premino.pl\/index.php?rest_route=\/wp\/v2\/media\/80154"}],"wp:attachment":[{"href":"https:\/\/premino.pl\/index.php?rest_route=%2Fwp%2Fv2%2Fmedia&parent=80153"}],"wp:term":[{"taxonomy":"kategoria-hurtowni","embeddable":true,"href":"https:\/\/premino.pl\/index.php?rest_route=%2Fwp%2Fv2%2Fkategoria-hurtowni&post=80153"},{"taxonomy":"product_brand","embeddable":true,"href":"https:\/\/premino.pl\/index.php?rest_route=%2Fwp%2Fv2%2Fproduct_brand&post=80153"},{"taxonomy":"product_cat","embeddable":true,"href":"https:\/\/premino.pl\/index.php?rest_route=%2Fwp%2Fv2%2Fproduct_cat&post=80153"},{"taxonomy":"product_tag","embeddable":true,"href":"https:\/\/premino.pl\/index.php?rest_route=%2Fwp%2Fv2%2Fproduct_tag&post=80153"}],"curies":[{"name":"wp","href":"https:\/\/api.w.org\/{rel}","templated":true}]}}