{"id":80301,"date":"2026-05-13T22:04:48","date_gmt":"2026-05-13T20:04:48","guid":{"rendered":"https:\/\/premino.pl\/?product=sunissime-sorbet-do-twarzy-po-opalaniu-50ml"},"modified":"2026-05-13T22:04:48","modified_gmt":"2026-05-13T20:04:48","slug":"sunissime-sorbet-do-twarzy-po-opalaniu-50ml","status":"publish","type":"product","link":"https:\/\/premino.pl\/?product=sunissime-sorbet-do-twarzy-po-opalaniu-50ml","title":{"rendered":"Sunissime sorbet do twarzy po opalaniu 50ml"},"content":{"rendered":"<p><b>Nawil\u017ca &#8211; \u0141agodzi &#8211; Wzmacnia opalenizn\u0119<br \/><\/b>Sorbet po opalaniu doskonale nawil\u017ca i koi sk\u00f3r\u0119 po ekspozycji na s\u0142o\u0144ce. Jego lekka formu\u0142a wzbogacona ekstraktem z oczaru wirginijskiego, pomaga chroni\u0107 sk\u00f3r\u0119 przed fotostarzeniem, zapobiegaj\u0105c powstawaniu zmarszczek i utracie j\u0119drno\u015bci. Dzi\u0119ki ekstraktowi z czerwonych alg, opalenizna jest wzmocniona i d\u0142u\u017cej utrzymuje si\u0119 na sk\u00f3rze. Sorbetowa konsystencja otula sk\u00f3r\u0119 subtelnym zapachem kokosa, bia\u0142ego ja\u015bminu i wanilii.<\/p>\n<p>Zawiera 96% sk\u0142adnik\u00f3w pochodzenia naturalnego.<\/p>\n<p><b>Spos\u00f3b u\u017cycia:\u00a0<\/b><br \/>Nak\u0142ada\u0107 na twarz i dekolt po ka\u017cdej ekspozycji na s\u0142o\u0144ce.<\/p>\n<p><strong>Dzia\u0142anie:<\/strong> nawil\u017caj\u0105ce, regeneruje, \u0142agodzi podra\u017cnienia<br \/>\n<strong>Gramatura:<\/strong> ml<br \/>\n<strong>Konsystencja:<\/strong> krem<br \/>\n<strong>Linie elitarne:<\/strong> nie<br \/>\n<strong>Piel\u0119gnacja specyficzna:<\/strong> nie<br \/>\n<strong>Pojemno\u015b\u0107:<\/strong> 50<br \/>\n<strong>Pora stosowania:<\/strong> dowolnie<br \/>\n<strong>P\u0142e\u0107:<\/strong> damski<br \/>\n<strong>Rodzaj sk\u00f3ry:<\/strong> wra\u017cliwa<br \/>\n<strong>S\u0142o\u0144ce:<\/strong> nie<br \/>\n<strong>Typ sk\u00f3ry:<\/strong> mieszana\/t\u0142usta, normalna, sucha<\/p>\n<p><strong>Uwagi:<\/strong><\/p>\n<p>Unika\u0107 kontaktu z oczami.<\/p>\n<p><strong>Sk\u0142adniki:<\/strong><\/p>\n<p>AQUA \/ WATER \/ EAU. COCO-CAPRYLATE\/CAPRATE. GLYCERIN. NEOPENTYL GLYCOL DIHEPTANOATE. BUTYROSPERMUM PARKII (SHEA) BUTTER. C15-19 ALKANE. CETEARYL ALCOHOL. PERSEA GRATISSIMA (AVOCADO) OIL. SODIUM CARBOXYMETHYL STARCH. PROPANEDIOL. SODIUM POLYACRYLATE. PARFUM \/ FRAGRANCE. ETHYLHEXYLGLYCERIN. MALTODEXTRIN. SODIUM STEAROYL GLUTAMATE. TOCOPHEROL. CHLORHEXIDINE DIGLUCONATE. BIOSACCHARIDE GUM-1. PENTYLENE GLYCOL. HELIANTHUS ANNUUS (SUNFLOWER) SEED OIL. PORPHYRIDIUM CRUENTUM EXTRACT. HAMAMELIS VIRGINIANA (WITCH HAZEL) LEAF EXTRACT. CAPRYLYL GLYCOL. XANTHAN GUM.<\/p>\n","protected":false},"excerpt":{"rendered":"<p> <strong>Dzia\u0142anie:<\/strong> nawil\u017caj\u0105ce, regeneruje, \u0142agodzi podra\u017cnienia<br \/>  <strong>Gramatura:<\/strong> ml<br \/>  <strong>Konsystencja:<\/strong> krem<br \/>  <strong>Linie elitarne:<\/strong> nie<br \/>  <strong>Piel\u0119gnacja specyficzna:<\/strong> nie<br \/>  <strong>Pojemno\u015b\u0107:<\/strong> 50<br \/>  <strong>Pora stosowania:<\/strong> dowolnie<br \/>  <strong>P\u0142e\u0107:<\/strong> damski<br \/>  <strong>Rodzaj sk\u00f3ry:<\/strong> wra\u017cliwa<br \/>  <strong>S\u0142o\u0144ce:<\/strong> nie<br \/>  <strong>Typ sk\u00f3ry:<\/strong> mieszana\/t\u0142usta, normalna, sucha <\/p>\n","protected":false},"featured_media":80302,"comment_status":"open","ping_status":"closed","template":"","meta":{"_acf_changed":false},"kategoria-hurtowni":[211,214,215],"product_brand":[626],"product_cat":[76],"product_tag":[],"class_list":{"0":"post-80301","1":"product","2":"type-product","3":"status-publish","4":"has-post-thumbnail","6":"kategoria-hurtowni-dermokosmetyki","7":"kategoria-hurtowni-pielegnacja-twarzy-dermokosmetyki","8":"kategoria-hurtowni-twarz-pielegnacja-twarzy-dermokosmetyki","9":"product_brand-lierac","10":"product_cat-primavera","12":"first","13":"outofstock","14":"taxable","15":"shipping-taxable","16":"product-type-simple"},"acf":[],"_links":{"self":[{"href":"https:\/\/premino.pl\/index.php?rest_route=\/wp\/v2\/product\/80301","targetHints":{"allow":["GET"]}}],"collection":[{"href":"https:\/\/premino.pl\/index.php?rest_route=\/wp\/v2\/product"}],"about":[{"href":"https:\/\/premino.pl\/index.php?rest_route=\/wp\/v2\/types\/product"}],"replies":[{"embeddable":true,"href":"https:\/\/premino.pl\/index.php?rest_route=%2Fwp%2Fv2%2Fcomments&post=80301"}],"wp:featuredmedia":[{"embeddable":true,"href":"https:\/\/premino.pl\/index.php?rest_route=\/wp\/v2\/media\/80302"}],"wp:attachment":[{"href":"https:\/\/premino.pl\/index.php?rest_route=%2Fwp%2Fv2%2Fmedia&parent=80301"}],"wp:term":[{"taxonomy":"kategoria-hurtowni","embeddable":true,"href":"https:\/\/premino.pl\/index.php?rest_route=%2Fwp%2Fv2%2Fkategoria-hurtowni&post=80301"},{"taxonomy":"product_brand","embeddable":true,"href":"https:\/\/premino.pl\/index.php?rest_route=%2Fwp%2Fv2%2Fproduct_brand&post=80301"},{"taxonomy":"product_cat","embeddable":true,"href":"https:\/\/premino.pl\/index.php?rest_route=%2Fwp%2Fv2%2Fproduct_cat&post=80301"},{"taxonomy":"product_tag","embeddable":true,"href":"https:\/\/premino.pl\/index.php?rest_route=%2Fwp%2Fv2%2Fproduct_tag&post=80301"}],"curies":[{"name":"wp","href":"https:\/\/api.w.org\/{rel}","templated":true}]}}