{"id":83381,"date":"2026-05-13T23:24:17","date_gmt":"2026-05-13T21:24:17","guid":{"rendered":"https:\/\/premino.pl\/?product=folic-mom-specjalistyczny-balsam-redukujacy-rozstepy-200ml"},"modified":"2026-05-13T23:24:17","modified_gmt":"2026-05-13T21:24:17","slug":"folic-mom-specjalistyczny-balsam-redukujacy-rozstepy-200ml","status":"publish","type":"product","link":"https:\/\/premino.pl\/?product=folic-mom-specjalistyczny-balsam-redukujacy-rozstepy-200ml","title":{"rendered":"Folic Mom specjalistyczny balsam redukuj\u0105cy rozst\u0119py 200ml"},"content":{"rendered":"<p>Balsam\u00a0FOLIC MOM\u00a0to specjalistyczny produkt przeznaczony do zapobiegania i zwalczania ju\u017c istniej\u0105cych rozst\u0119p\u00f3w,\u00a0od 1. dnia ci\u0105\u017cy.\u00a0Rozja\u015bnia i wyg\u0142adza rozst\u0119py zmniejszaj\u0105c ich widoczno\u015b\u0107, jednocze\u015bnie intensywnie nawil\u017ca sk\u00f3r\u0119, poprawia jej elastyczno\u015b\u0107 oraz \u0142agodzi uczucie napi\u0119cia.\u00a0Produkt przebadany pod nadzorem dermatologa i ginekologa, nie zak\u0142\u00f3ca bada\u0144 USG.<\/p>\n<p><b>SK\u0141ADNIKI AKTYWNE WYBRANE W TROSCE O CIEBIE I MALUSZKA:<\/b><br \/>\u2022\u00a0KWAS FOLIOWY, czyli\u00a0witamina B9. Stymuluje syntez\u0119 kolagenu oraz wzmacnia w\u0142\u00f3kna podporowe w sk\u00f3rze zapewniaj\u0105c j\u0119drno\u015b\u0107 i elastyczno\u015b\u0107. Wykazuje tak\u017ce dzia\u0142anie regeneruj\u0105ce nask\u00f3rek, dzi\u0119ki czemu sk\u00f3ra jest gotowa na nadchodz\u0105ce wyzwania.<br \/>\u2022\u00a0ERYTRYTOL\u00a0zwi\u0119ksza nawil\u017cenie sk\u00f3ry, pomaga zachowa\u0107 jej mi\u0119kko\u015b\u0107 i g\u0142adko\u015b\u0107, harmonizuje jej mikrobiom.<br \/>\u2022\u00a0MINERA\u0141Y, takie jak cynk, magnez, \u017celazo, mied\u017a, krzem wzmacniaj\u0105 kondycj\u0119 sk\u00f3ry i przyspieszaj\u0105 jej regeneracj\u0119.<br \/>\u2022\u00a0DARUTOZYD\u00a0wp\u0142ywa pozytywnie na redukcj\u0119 rozst\u0119p\u00f3w, wyg\u0142adza i uelastycznia sk\u00f3r\u0119.<br \/>\u2022\u00a0WITAMINY\u00a0E, C F\u00a0wspomagaj\u0105 procesy naprawcze sk\u00f3ry, poprawiaj\u0105c j\u0119drno\u015b\u0107 oraz elastyczno\u015b\u0107, wyg\u0142adzaj\u0105, zmniejszaj\u0105c widoczno\u015b\u0107 rozst\u0119p\u00f3w.<\/p>\n<p><b><\/b><\/p>\n<p><b>SPOS\u00d3B U\u017bYCIA:<\/b><br \/>Delikatnie wmasuj balsam w sk\u00f3r\u0119, szczeg\u00f3lnie w okolicach wyst\u0119powania rozst\u0119p\u00f3w. Stosuj 1-2 razy dziennie.<\/p>\n<p><strong>Gramatura:<\/strong> ml<br \/>\n<strong>Konsystencja:<\/strong> balsam<br \/>\n<strong>Linie elitarne:<\/strong> nie<br \/>\n<strong>Pojemno\u015b\u0107:<\/strong> 200<br \/>\n<strong>P\u0142e\u0107:<\/strong> damski<br \/>\n<strong>S\u0142o\u0144ce:<\/strong> nie<\/p>\n<p><strong>Uwagi:<\/strong><\/p>\n<p>Zawiera substancje zapachowe mog\u0105ce powodowa\u0107 alergie.<\/p>\n<p><strong>Sk\u0142adniki:<\/strong><\/p>\n<p>Aqua, Isopropyl Palmitate, Glycerin, Caprylic\/Capric Triglyceride, Cetearyl Alcohol, Pentylene Glycol, Butyrospermum Parkii Butter, Erythritol, Carthamus Tinctorius Seed Oil, Ricinus Communis Seed Oil, Prunus Amygdalus Dulcis Oil, Saccharomyces\/Silicon Ferment, Saccharomyces\/Iron Ferment, Saccharomyces\/Magnesium Ferment, Saccharomyces\/Copper Ferment, Saccharomyces\/Zinc Ferment, Folic Acid, Darutoside, Centella Asiatica Extract, Ascorbyl Palmitate, Rhus Verniciflua Peel Cera, Theobroma Grandiflorum Seed Butter, Tocopheryl Acetate, Tocopherol, Linoleic Acid, Helianthus Annuus Seed Oil, Panthenol, Cetearyl Glucoside, Sodium Polyacrylate, Propanediol, Butylene Glycol, Xanthan Gum, Disodium EDTA, Sodium Hydroxide, Leuconostoc\/Radish Root Ferment Filtrate, Hydroxyacetophenone, Caprylhydroxamic Acid, Parfum.<\/p>\n","protected":false},"excerpt":{"rendered":"<p> <strong>Gramatura:<\/strong> ml<br \/>  <strong>Konsystencja:<\/strong> balsam<br \/>  <strong>Linie elitarne:<\/strong> nie<br \/>  <strong>Pojemno\u015b\u0107:<\/strong> 200<br \/>  <strong>P\u0142e\u0107:<\/strong> damski<br \/>  <strong>S\u0142o\u0144ce:<\/strong> nie <\/p>\n","protected":false},"featured_media":83382,"comment_status":"open","ping_status":"closed","template":"","meta":{"_acf_changed":false},"kategoria-hurtowni":[90,886],"product_brand":[405],"product_cat":[76],"product_tag":[],"class_list":{"0":"post-83381","1":"product","2":"type-product","3":"status-publish","4":"has-post-thumbnail","6":"kategoria-hurtowni-pielegnacja","7":"kategoria-hurtowni-pielegnacja-w-ciazy","8":"product_brand-perfecta","9":"product_cat-primavera","11":"first","12":"outofstock","13":"taxable","14":"shipping-taxable","15":"product-type-simple"},"acf":[],"_links":{"self":[{"href":"https:\/\/premino.pl\/index.php?rest_route=\/wp\/v2\/product\/83381","targetHints":{"allow":["GET"]}}],"collection":[{"href":"https:\/\/premino.pl\/index.php?rest_route=\/wp\/v2\/product"}],"about":[{"href":"https:\/\/premino.pl\/index.php?rest_route=\/wp\/v2\/types\/product"}],"replies":[{"embeddable":true,"href":"https:\/\/premino.pl\/index.php?rest_route=%2Fwp%2Fv2%2Fcomments&post=83381"}],"wp:featuredmedia":[{"embeddable":true,"href":"https:\/\/premino.pl\/index.php?rest_route=\/wp\/v2\/media\/83382"}],"wp:attachment":[{"href":"https:\/\/premino.pl\/index.php?rest_route=%2Fwp%2Fv2%2Fmedia&parent=83381"}],"wp:term":[{"taxonomy":"kategoria-hurtowni","embeddable":true,"href":"https:\/\/premino.pl\/index.php?rest_route=%2Fwp%2Fv2%2Fkategoria-hurtowni&post=83381"},{"taxonomy":"product_brand","embeddable":true,"href":"https:\/\/premino.pl\/index.php?rest_route=%2Fwp%2Fv2%2Fproduct_brand&post=83381"},{"taxonomy":"product_cat","embeddable":true,"href":"https:\/\/premino.pl\/index.php?rest_route=%2Fwp%2Fv2%2Fproduct_cat&post=83381"},{"taxonomy":"product_tag","embeddable":true,"href":"https:\/\/premino.pl\/index.php?rest_route=%2Fwp%2Fv2%2Fproduct_tag&post=83381"}],"curies":[{"name":"wp","href":"https:\/\/api.w.org\/{rel}","templated":true}]}}