{"id":84213,"date":"2026-05-13T23:34:14","date_gmt":"2026-05-13T21:34:14","guid":{"rendered":"https:\/\/premino.pl\/?product=proszkliwo-pasta-do-zebow-codzienna-ochrona-75ml"},"modified":"2026-05-13T23:34:14","modified_gmt":"2026-05-13T21:34:14","slug":"proszkliwo-pasta-do-zebow-codzienna-ochrona-75ml","status":"publish","type":"product","link":"https:\/\/premino.pl\/?product=proszkliwo-pasta-do-zebow-codzienna-ochrona-75ml","title":{"rendered":"ProSzkliwo pasta do z\u0119b\u00f3w codzienna ochrona 75ml"},"content":{"rendered":"<p>Pomaga chroni\u0107 z\u0119by przed rosn\u0105cym problemem erozji wywo\u0142anej dzia\u0142aniem kwas\u00f3w. Lekarze denty\u015bci ostrzegaj\u0105 przed problemem erozji z\u0119b\u00f3w wywo\u0142anej dzia\u0142aniem kwas\u00f3w. Problem ten mo\u017ce dotyczy\u0107 r\u00f3wnie\u017c zdrowych z\u0119b\u00f3w. Kwasy zawarte w codziennie spo\u017cywanych potrawach: owocach, sokach, winie, wyp\u0142ukuj\u0105 minera\u0142y z z\u0119b\u00f3w powoduj\u0105c zmi\u0119kczenie szkliwa, kt\u00f3re staje si\u0119 bardziej podatne na \u015bcieranie. Gdy warstwa szkliwa staje si\u0119 coraz cie\u0144sza, z\u0119by trac\u0105 naturalna biel, staj\u0105 si\u0119 s\u0142absze i bardziej wra\u017cliwe. Wra\u017cliwo\u015b\u0107 z\u0119b\u00f3w na zimno i ciep\u0142o mo\u017ce by\u0107 wczesn\u0105 oznak\u0105 ubytku szkliwa powsta\u0142ego w wyniku dzia\u0142ania kwas\u00f3w. Pasta Sensodyne ProSzkliwo zosta\u0142a opracowana specjalnie dla os\u00f3b z nadwra\u017cliwymi z\u0119bami, aby chroni\u0107 z\u0119by przed dzia\u0142aniem kwas\u00f3w. Dodatkowo, dzi\u0119ki zawarto\u015bci fluorku Sensodyne ProSzkliwo oferuje korzy\u015bci pasty do codziennego stosowania.<b>\u00a0 \u00a0 \u00a0 \u00a0 \u00a0 \u00a0 \u00a0 \u00a0 \u00a0 \u00a0 \u00a0\u00a0<\/b>\u00a0 \u00a0 \u00a0 \u00a0 \u00a0 \u00a0 \u00a0 \u00a0 \u00a0 \u00a0 \u00a0 \u00a0 \u00a0 \u00a0 \u00a0 \u00a0 \u00a0 \u00a0 \u00a0 \u00a0 \u00a0 \u00a0 \u00a0 \u00a0 \u00a0 \u00a0 \u00a0 \u00a0 \u00a0 \u00a0 \u00a0 \u00a0 \u00a0 \u00a0 \u00a0 \u00a0 \u00a0 \u00a0 \u00a0 \u00a0 \u00a0 \u00a0 \u00a0 \u00a0 \u00a0 \u00a0 \u00a0 \u00a0 \u00a0 \u00a0 \u00a0 \u00a0 \u00a0 \u00a0 \u00a0<\/p>\n<p>\u2022 Pomaga chroni\u0107 z\u0119by przed dzia\u0142aniem kwas\u00f3w<br \/>\u2022 Pomaga wzmacnia\u0107 szkliwo\u00a0 \u00a0 \u00a0 \u00a0 \u00a0 \u00a0 \u00a0 \u00a0 \u00a0 \u00a0 \u00a0 \u00a0 \u00a0 \u00a0 \u00a0 \u00a0 \u00a0 \u00a0 \u00a0 \u00a0 \u00a0 \u00a0 \u00a0 \u00a0 \u00a0 \u00a0 \u00a0 \u00a0 \u00a0 \u00a0 \u00a0 \u00a0 \u00a0 \u00a0 \u00a0 \u00a0 \u00a0 \u00a0 \u00a0 \u00a0 \u00a0 \u00a0 \u00a0 \u00a0 \u00a0 \u00a0 \u00a0 \u00a0 \u00a0 \u00a0 \u00a0 \u00a0 \u00a0 \u00a0 \u00a0 \u00a0 \u00a0 \u00a0 \u00a0 \u00a0<br \/>\u2022 Zawiera fluorek chroni\u0105cy z\u0119by przed pr\u00f3chnic\u0105\u00a0<br \/>\u2022 Formu\u0142a opracowana specjalnie dla os\u00f3b z wra\u017cliwymi z\u0119bami<\/p>\n<p><strong>Gramatura:<\/strong> ml<br \/>\n<strong>Konsystencja:<\/strong> emulsja<br \/>\n<strong>Linie elitarne:<\/strong> nie<br \/>\n<strong>Pojemno\u015b\u0107:<\/strong> 75<br \/>\n<strong>P\u0142e\u0107:<\/strong> damski<br \/>\n<strong>S\u0142o\u0144ce:<\/strong> nie<\/p>\n<p><strong>Uwagi:<\/strong><\/p>\n<p><strong>Sk\u0142adniki:<\/strong><\/p>\n<p>Aqua, Sorbitol, Hydrated Silica, Glycerin, Potassium Nitrate, PEG-6, Cocamidopropyl Betaine, Aroma, Xanthan Gum, Sodium Fluoride, Sodium Saccharin Titanium Dioxide, Sodium Hydroxide, Limonene, Anise, Alcohol, Zawiera fluorek sodu 0, 315 % w\/w (1450 ppm)<\/p>\n","protected":false},"excerpt":{"rendered":"<p> <strong>Gramatura:<\/strong> ml<br \/>  <strong>Konsystencja:<\/strong> emulsja<br \/>  <strong>Linie elitarne:<\/strong> nie<br \/>  <strong>Pojemno\u015b\u0107:<\/strong> 75<br \/>  <strong>P\u0142e\u0107:<\/strong> damski<br \/>  <strong>S\u0142o\u0144ce:<\/strong> nie <\/p>\n","protected":false},"featured_media":84214,"comment_status":"open","ping_status":"closed","template":"","meta":{"_acf_changed":false},"kategoria-hurtowni":[222,225,90],"product_brand":[395],"product_cat":[76],"product_tag":[],"class_list":{"0":"post-84213","1":"product","2":"type-product","3":"status-publish","4":"has-post-thumbnail","6":"kategoria-hurtowni-higiena-jamy-ustnej","7":"kategoria-hurtowni-pasty-do-zebow","8":"kategoria-hurtowni-pielegnacja","9":"product_brand-sensodyne","10":"product_cat-primavera","12":"first","13":"outofstock","14":"taxable","15":"shipping-taxable","16":"product-type-simple"},"acf":[],"_links":{"self":[{"href":"https:\/\/premino.pl\/index.php?rest_route=\/wp\/v2\/product\/84213","targetHints":{"allow":["GET"]}}],"collection":[{"href":"https:\/\/premino.pl\/index.php?rest_route=\/wp\/v2\/product"}],"about":[{"href":"https:\/\/premino.pl\/index.php?rest_route=\/wp\/v2\/types\/product"}],"replies":[{"embeddable":true,"href":"https:\/\/premino.pl\/index.php?rest_route=%2Fwp%2Fv2%2Fcomments&post=84213"}],"wp:featuredmedia":[{"embeddable":true,"href":"https:\/\/premino.pl\/index.php?rest_route=\/wp\/v2\/media\/84214"}],"wp:attachment":[{"href":"https:\/\/premino.pl\/index.php?rest_route=%2Fwp%2Fv2%2Fmedia&parent=84213"}],"wp:term":[{"taxonomy":"kategoria-hurtowni","embeddable":true,"href":"https:\/\/premino.pl\/index.php?rest_route=%2Fwp%2Fv2%2Fkategoria-hurtowni&post=84213"},{"taxonomy":"product_brand","embeddable":true,"href":"https:\/\/premino.pl\/index.php?rest_route=%2Fwp%2Fv2%2Fproduct_brand&post=84213"},{"taxonomy":"product_cat","embeddable":true,"href":"https:\/\/premino.pl\/index.php?rest_route=%2Fwp%2Fv2%2Fproduct_cat&post=84213"},{"taxonomy":"product_tag","embeddable":true,"href":"https:\/\/premino.pl\/index.php?rest_route=%2Fwp%2Fv2%2Fproduct_tag&post=84213"}],"curies":[{"name":"wp","href":"https:\/\/api.w.org\/{rel}","templated":true}]}}