{"id":85937,"date":"2026-05-13T23:54:32","date_gmt":"2026-05-13T21:54:32","guid":{"rendered":"https:\/\/premino.pl\/?product=peeling-cukrowy-do-ciala-eukaliptus-cytrynowy-250ml"},"modified":"2026-05-13T23:54:32","modified_gmt":"2026-05-13T21:54:32","slug":"peeling-cukrowy-do-ciala-eukaliptus-cytrynowy-250ml","status":"publish","type":"product","link":"https:\/\/premino.pl\/?product=peeling-cukrowy-do-ciala-eukaliptus-cytrynowy-250ml","title":{"rendered":"Peeling cukrowy do cia\u0142a Eukaliptus Cytrynowy 250ml"},"content":{"rendered":"<p>Peeling Eukaliptus Cytrynowy to propozycja dla wszystkich tych, kt\u00f3rzy nie wyobra\u017caj\u0105 sobie k\u0105pieli lub prysznica bez solidnego szorowania, efektywnego oczyszczenia, a przy okazji energetycznego kopa. Ten kop to nie tylko za spraw\u0105 masa\u017cu, ale przede wszystkim dzi\u0119ki genialnemu, buzuj\u0105cemu \u015bwie\u017co\u015bci\u0105 blendowi zapachowemu eukaliptusa cytrynowego i cytryny.\u00a0<\/p>\n<p><b>Kosmetyk wega\u0144ski<\/b>\u00a0&#8211; produkt stworzony bez u\u017cycia surowc\u00f3w pochodzenia zwierz\u0119cego.<\/p>\n<p><b>Spos\u00f3b u\u017cycia:\u00a0<\/b>Na\u0142\u00f3\u017c peeling na d\u0142onie przy u\u017cyciu za\u0142\u0105czonej szpatu\u0142ki (postaraj si\u0119 zrobi\u0107 to tak, \u017ceby woda nie dosta\u0142a si\u0119 do s\u0142oiczka). Intensywnie wmasuj w cia\u0142o kolistymi ruchami, a nast\u0119pnie sp\u0142ucz ciep\u0142\u0105 wod\u0105. U\u017cywaj 1-2 razy w tygodniu.<\/p>\n<p><strong>Dzia\u0142anie:<\/strong> oczyszczaj\u0105ce, od\u015bwie\u017ca, uelastycznia, wyg\u0142adza, zmi\u0119kcza, z\u0142uszcza martwy nask\u00f3rek<br \/>\n<strong>Gramatura:<\/strong> ml<br \/>\n<strong>Konsystencja:<\/strong> peeling<br \/>\n<strong>Linie elitarne:<\/strong> nie<br \/>\n<strong>Lokalizacja:<\/strong> ca\u0142e cia\u0142o<br \/>\n<strong>Piel\u0119gnacja cia\u0142a:<\/strong> tak<br \/>\n<strong>Pojemno\u015b\u0107:<\/strong> 250<br \/>\n<strong>P\u0142e\u0107:<\/strong> damski<br \/>\n<strong>S\u0142o\u0144ce:<\/strong> nie<\/p>\n<p><strong>Uwagi:<\/strong><\/p>\n<p>W razie podra\u017cnienia lub uczulenia na kt\u00f3rykolwiek ze sk\u0142adnik\u00f3w, zaprzesta\u0144 stosowania.<\/p>\n<p><strong>Sk\u0142adniki:<\/strong><\/p>\n<p>Sucrose, Caprylic\/Capric Triglyceride, Butyrospermum Parkii Butter, Juglans Regia Shell Powder, Citrus Limon Peel Oil, Simmondsia Chinensis Seed Oil, Limonene*, Prunus Amygdalus Dulcis Oil, Glycerin, Tocopheryl Acetate, Tocopherol, Euphorbia Cerifera Cera, Montmorillonite, Kaolin, Eucalyptus Citriodora Oil, CI 77007, CI 77288, Citral*, Geraniol*, Linalool*, Citronellol*. *sk\u0142adowe naturalnych olejk\u00f3w eterycznych<\/p>\n","protected":false},"excerpt":{"rendered":"<p> <strong>Dzia\u0142anie:<\/strong> oczyszczaj\u0105ce, od\u015bwie\u017ca, uelastycznia, wyg\u0142adza, zmi\u0119kcza, z\u0142uszcza martwy nask\u00f3rek<br \/>  <strong>Gramatura:<\/strong> ml<br \/>  <strong>Konsystencja:<\/strong> peeling<br \/>  <strong>Linie elitarne:<\/strong> nie<br \/>  <strong>Lokalizacja:<\/strong> ca\u0142e cia\u0142o<br \/>  <strong>Piel\u0119gnacja cia\u0142a:<\/strong> tak<br \/>  <strong>Pojemno\u015b\u0107:<\/strong> 250<br \/>  <strong>P\u0142e\u0107:<\/strong> damski<br \/>  <strong>S\u0142o\u0144ce:<\/strong> nie <\/p>\n","protected":false},"featured_media":85938,"comment_status":"open","ping_status":"closed","template":"","meta":{"_acf_changed":false},"kategoria-hurtowni":[100,165],"product_brand":[266],"product_cat":[76],"product_tag":[],"class_list":{"0":"post-85937","1":"product","2":"type-product","3":"status-publish","4":"has-post-thumbnail","6":"kategoria-hurtowni-eco-bio","7":"kategoria-hurtowni-pielegnacja-ciala-eco-bio","8":"product_brand-mydlarnia-cztery-szpaki","9":"product_cat-primavera","11":"first","12":"outofstock","13":"taxable","14":"shipping-taxable","15":"product-type-simple"},"acf":[],"_links":{"self":[{"href":"https:\/\/premino.pl\/index.php?rest_route=\/wp\/v2\/product\/85937","targetHints":{"allow":["GET"]}}],"collection":[{"href":"https:\/\/premino.pl\/index.php?rest_route=\/wp\/v2\/product"}],"about":[{"href":"https:\/\/premino.pl\/index.php?rest_route=\/wp\/v2\/types\/product"}],"replies":[{"embeddable":true,"href":"https:\/\/premino.pl\/index.php?rest_route=%2Fwp%2Fv2%2Fcomments&post=85937"}],"wp:featuredmedia":[{"embeddable":true,"href":"https:\/\/premino.pl\/index.php?rest_route=\/wp\/v2\/media\/85938"}],"wp:attachment":[{"href":"https:\/\/premino.pl\/index.php?rest_route=%2Fwp%2Fv2%2Fmedia&parent=85937"}],"wp:term":[{"taxonomy":"kategoria-hurtowni","embeddable":true,"href":"https:\/\/premino.pl\/index.php?rest_route=%2Fwp%2Fv2%2Fkategoria-hurtowni&post=85937"},{"taxonomy":"product_brand","embeddable":true,"href":"https:\/\/premino.pl\/index.php?rest_route=%2Fwp%2Fv2%2Fproduct_brand&post=85937"},{"taxonomy":"product_cat","embeddable":true,"href":"https:\/\/premino.pl\/index.php?rest_route=%2Fwp%2Fv2%2Fproduct_cat&post=85937"},{"taxonomy":"product_tag","embeddable":true,"href":"https:\/\/premino.pl\/index.php?rest_route=%2Fwp%2Fv2%2Fproduct_tag&post=85937"}],"curies":[{"name":"wp","href":"https:\/\/api.w.org\/{rel}","templated":true}]}}