{"id":88813,"date":"2026-05-14T00:57:24","date_gmt":"2026-05-13T22:57:24","guid":{"rendered":"https:\/\/premino.pl\/?product=make-up-fixing-gel-primer-zelowa-baza-pod-makijaz-30ml"},"modified":"2026-05-14T00:57:24","modified_gmt":"2026-05-13T22:57:24","slug":"make-up-fixing-gel-primer-zelowa-baza-pod-makijaz-30ml","status":"publish","type":"product","link":"https:\/\/premino.pl\/?product=make-up-fixing-gel-primer-zelowa-baza-pod-makijaz-30ml","title":{"rendered":"Make-up Fixing Gel Primer \u017celowa baza pod makija\u017c 30ml"},"content":{"rendered":"<p>\u017belowa  baza, kt\u00f3ra zadba o perfekcyjne przygotowanie sk\u00f3ry pod makija\u017c oraz  skutecznie przed\u0142u\u017cy jego trwa\u0142o\u015b\u0107. Daje efekt wypocz\u0119tej, promiennej cery.  Wega\u0144ska formu\u0142a wzbogacona o peptyd, witamin\u0119 C, kwas hialuronowy oraz  ekstrakt z \u017curawiny i grejpfruta zapewni Twojej sk\u00f3rze komfort przez ca\u0142y  dzie\u0144.<\/p>\n<p><strong>Dzia\u0142anie:<\/strong> nawil\u017caj\u0105ce, utrwalaj\u0105ca<br \/>\n<strong>Efekt:<\/strong> wyg\u0142adzaj\u0105cy<br \/>\n<strong>Forma podania:<\/strong> pompka<br \/>\n<strong>Gramatura:<\/strong> ml<br \/>\n<strong>Pojemno\u015b\u0107:<\/strong> 30<br \/>\n<strong>P\u0142e\u0107:<\/strong> damski<br \/>\n<strong>S\u0142o\u0144ce:<\/strong> nie<\/p>\n<p><strong>Uwagi:<\/strong><\/p>\n<p><strong>Sk\u0142adniki:<\/strong><\/p>\n<p>Aqua, Glycerin, Propanediol, Propylene Glycol, Dimethicone\/Vinyl Dimethicone Crosspolymer, Hydroxyethyl Acrylate\/Sodium Acryloyldimethyl Taurate Copolymer, Polysorbate 80, Vaccinium Macrocarpon Fruit Extract, Citrus Grandis Fruit Extract, Sodium Hialuronate, Sodium Ascorbyl Phosphate, Hydroxypropyl Cyclodextrin, Palmitoyl Tripeptide-38, Isohexadecane, Polysorbate 60, Phenoxyethanol, Ethylhexylglycerin, Parfum, Silica, Butylene Glycol, Tocopherol, Synthetic Fluorphlogopite, Citral, Citronellol, Limonene, Linalool, CI 73360, CI 77891<\/p>\n","protected":false},"excerpt":{"rendered":"<p> <strong>Dzia\u0142anie:<\/strong> nawil\u017caj\u0105ce, utrwalaj\u0105ca<br \/>  <strong>Efekt:<\/strong> wyg\u0142adzaj\u0105cy<br \/>  <strong>Forma podania:<\/strong> pompka<br \/>  <strong>Gramatura:<\/strong> ml<br \/>  <strong>Pojemno\u015b\u0107:<\/strong> 30<br \/>  <strong>P\u0142e\u0107:<\/strong> damski<br \/>  <strong>S\u0142o\u0144ce:<\/strong> nie <\/p>\n","protected":false},"featured_media":88814,"comment_status":"open","ping_status":"closed","template":"","meta":{"_acf_changed":false},"kategoria-hurtowni":[83,274,275],"product_brand":[850],"product_cat":[76],"product_tag":[],"class_list":{"0":"post-88813","1":"product","2":"type-product","3":"status-publish","4":"has-post-thumbnail","6":"kategoria-hurtowni-makijaz","7":"kategoria-hurtowni-makijaz-bazy","8":"kategoria-hurtowni-twarz-makijaz-bazy","9":"product_brand-affect","10":"product_cat-primavera","12":"first","13":"outofstock","14":"taxable","15":"shipping-taxable","16":"product-type-simple"},"acf":[],"_links":{"self":[{"href":"https:\/\/premino.pl\/index.php?rest_route=\/wp\/v2\/product\/88813","targetHints":{"allow":["GET"]}}],"collection":[{"href":"https:\/\/premino.pl\/index.php?rest_route=\/wp\/v2\/product"}],"about":[{"href":"https:\/\/premino.pl\/index.php?rest_route=\/wp\/v2\/types\/product"}],"replies":[{"embeddable":true,"href":"https:\/\/premino.pl\/index.php?rest_route=%2Fwp%2Fv2%2Fcomments&post=88813"}],"wp:featuredmedia":[{"embeddable":true,"href":"https:\/\/premino.pl\/index.php?rest_route=\/wp\/v2\/media\/88814"}],"wp:attachment":[{"href":"https:\/\/premino.pl\/index.php?rest_route=%2Fwp%2Fv2%2Fmedia&parent=88813"}],"wp:term":[{"taxonomy":"kategoria-hurtowni","embeddable":true,"href":"https:\/\/premino.pl\/index.php?rest_route=%2Fwp%2Fv2%2Fkategoria-hurtowni&post=88813"},{"taxonomy":"product_brand","embeddable":true,"href":"https:\/\/premino.pl\/index.php?rest_route=%2Fwp%2Fv2%2Fproduct_brand&post=88813"},{"taxonomy":"product_cat","embeddable":true,"href":"https:\/\/premino.pl\/index.php?rest_route=%2Fwp%2Fv2%2Fproduct_cat&post=88813"},{"taxonomy":"product_tag","embeddable":true,"href":"https:\/\/premino.pl\/index.php?rest_route=%2Fwp%2Fv2%2Fproduct_tag&post=88813"}],"curies":[{"name":"wp","href":"https:\/\/api.w.org\/{rel}","templated":true}]}}