{"id":89027,"date":"2026-05-14T01:00:10","date_gmt":"2026-05-13T23:00:10","guid":{"rendered":"https:\/\/premino.pl\/?product=dairy-fun-mleczko-do-mycia-ciala-malinowe-ciasteczko-200ml"},"modified":"2026-05-14T01:00:10","modified_gmt":"2026-05-13T23:00:10","slug":"dairy-fun-mleczko-do-mycia-ciala-malinowe-ciasteczko-200ml","status":"publish","type":"product","link":"https:\/\/premino.pl\/?product=dairy-fun-mleczko-do-mycia-ciala-malinowe-ciasteczko-200ml","title":{"rendered":"Dairy Fun mleczko do mycia cia\u0142a Malinowe Ciasteczko 200ml"},"content":{"rendered":"<p><b>Daj si\u0119 porwa\u0107 kolorowej, aromatycznej przygodzie&#8230; a Twoje cia\u0142o stanie si\u0119 s\u0142odsze ni\u017c kiedykolwiek! Apetyczny aromat malinowych ciasteczek uprzyjemni ka\u017cd\u0105 k\u0105piel.<\/b><\/p>\n<p>Zadbaj o siebie i spraw, aby Twoja codzienna k\u0105piel by\u0142a przyjemniejsza i bardziej aromatyczna.<\/p>\n<\/p>\n<p><b>Co oferuje mleczko do mycia cia\u0142a?<\/b><br \/>\u2022 Per\u0142owa konsystencja idealna do mycia ca\u0142ego cia\u0142a<br \/>\u2022 Mo\u017cna go u\u017cywa\u0107 jako \u017celu pod prysznic lub p\u0142ynu do k\u0105pieli<br \/>\u2022 Efekt, kt\u00f3ry pobudzi apetyt na wi\u0119cej niezwyk\u0142ych chwil: odczuwalne\u00a0nawil\u017cenie\u00a0i\u00a0od\u017cywienie<br \/>\u2022 Zapach\u00a0ciasteczek malinowych\u00a0wprowadzi Ci\u0119 w stan zachwytu<\/p>\n<\/p>\n<p><b>Sk\u0142adniki aktywne:<\/b>\u00a0ekstrakt z \u017curawiny, gliceryna, alantoina.<\/p>\n<\/p>\n<p><b>Spos\u00f3b u\u017cycia:\u00a0<\/b>Nabierz porcj\u0119 mleczka i rozprowad\u017a na mokrej sk\u00f3rze. Umyj cia\u0142o i sp\u0142ucz wod\u0105. <\/p>\n<p><b>Ostrze\u017cenia: <\/b>Tylko do u\u017cytku zewn\u0119trznego. Produkt jest odpowiedni dla dzieci od 3 roku \u017cycia.<\/p>\n<p><strong>Dzia\u0142anie:<\/strong> nawil\u017caj\u0105ce, oczyszczaj\u0105ce, od\u015bwie\u017ca, od\u017cywcze, relaksuj\u0105ce, zmi\u0119kcza<br \/>\n<strong>Gramatura:<\/strong> ml<br \/>\n<strong>Konsystencja:<\/strong> emulsja<br \/>\n<strong>Linie elitarne:<\/strong> nie<br \/>\n<strong>Lokalizacja:<\/strong> ca\u0142e cia\u0142o<br \/>\n<strong>Piel\u0119gnacja cia\u0142a:<\/strong> tak<br \/>\n<strong>Pojemno\u015b\u0107:<\/strong> 200<br \/>\n<strong>P\u0142e\u0107:<\/strong> damski<br \/>\n<strong>S\u0142o\u0144ce:<\/strong> nie<\/p>\n<p><strong>Uwagi:<\/strong><\/p>\n<p><strong>Sk\u0142adniki:<\/strong><\/p>\n<p>Aqua, Sodium Laureth Sulfate, Cocamidopropyl Betaine, Coco-Glucoside, Sodium Chloride, Glycerin, PEG-7 Glyceryl Cocoate, Betaine, Propylene Glycol, Phenoxyethanol, Panthenol, Allantoin, Vaccinium Macrocarpon Fruit Extract, Sodium Benzoate, Parfum, Glycol Distearate, Hydrogenated Castor Oil, Coconut Acid, Lactic Acid, Citric Acid, Ethylhexylglycerin, Benzyl Benzoate<\/p>\n","protected":false},"excerpt":{"rendered":"<p> <strong>Dzia\u0142anie:<\/strong> nawil\u017caj\u0105ce, oczyszczaj\u0105ce, od\u015bwie\u017ca, od\u017cywcze, relaksuj\u0105ce, zmi\u0119kcza<br \/>  <strong>Gramatura:<\/strong> ml<br \/>  <strong>Konsystencja:<\/strong> emulsja<br \/>  <strong>Linie elitarne:<\/strong> nie<br \/>  <strong>Lokalizacja:<\/strong> ca\u0142e cia\u0142o<br \/>  <strong>Piel\u0119gnacja cia\u0142a:<\/strong> tak<br \/>  <strong>Pojemno\u015b\u0107:<\/strong> 200<br \/>  <strong>P\u0142e\u0107:<\/strong> damski<br \/>  <strong>S\u0142o\u0144ce:<\/strong> nie <\/p>\n","protected":false},"featured_media":89028,"comment_status":"open","ping_status":"closed","template":"","meta":{"_acf_changed":false},"kategoria-hurtowni":[90,91],"product_brand":[777],"product_cat":[76],"product_tag":[],"class_list":{"0":"post-89027","1":"product","2":"type-product","3":"status-publish","4":"has-post-thumbnail","6":"kategoria-hurtowni-pielegnacja","7":"kategoria-hurtowni-pielegnacja-ciala","8":"product_brand-delia","9":"product_cat-primavera","11":"first","12":"outofstock","13":"taxable","14":"shipping-taxable","15":"product-type-simple"},"acf":[],"_links":{"self":[{"href":"https:\/\/premino.pl\/index.php?rest_route=\/wp\/v2\/product\/89027","targetHints":{"allow":["GET"]}}],"collection":[{"href":"https:\/\/premino.pl\/index.php?rest_route=\/wp\/v2\/product"}],"about":[{"href":"https:\/\/premino.pl\/index.php?rest_route=\/wp\/v2\/types\/product"}],"replies":[{"embeddable":true,"href":"https:\/\/premino.pl\/index.php?rest_route=%2Fwp%2Fv2%2Fcomments&post=89027"}],"wp:featuredmedia":[{"embeddable":true,"href":"https:\/\/premino.pl\/index.php?rest_route=\/wp\/v2\/media\/89028"}],"wp:attachment":[{"href":"https:\/\/premino.pl\/index.php?rest_route=%2Fwp%2Fv2%2Fmedia&parent=89027"}],"wp:term":[{"taxonomy":"kategoria-hurtowni","embeddable":true,"href":"https:\/\/premino.pl\/index.php?rest_route=%2Fwp%2Fv2%2Fkategoria-hurtowni&post=89027"},{"taxonomy":"product_brand","embeddable":true,"href":"https:\/\/premino.pl\/index.php?rest_route=%2Fwp%2Fv2%2Fproduct_brand&post=89027"},{"taxonomy":"product_cat","embeddable":true,"href":"https:\/\/premino.pl\/index.php?rest_route=%2Fwp%2Fv2%2Fproduct_cat&post=89027"},{"taxonomy":"product_tag","embeddable":true,"href":"https:\/\/premino.pl\/index.php?rest_route=%2Fwp%2Fv2%2Fproduct_tag&post=89027"}],"curies":[{"name":"wp","href":"https:\/\/api.w.org\/{rel}","templated":true}]}}